{"id":1308,"date":"2024-04-01T15:12:20","date_gmt":"2024-04-01T12:12:20","guid":{"rendered":"https:\/\/espadabilisim.com\/komsan\/?page_id=1308"},"modified":"2024-04-20T15:58:58","modified_gmt":"2024-04-20T12:58:58","slug":"hakkimizda","status":"publish","type":"page","link":"https:\/\/espadabilisim.com\/komsan\/hakkimizda\/","title":{"rendered":"Hakk\u0131m\u0131zda"},"content":{"rendered":"<section data-bb-version=\"4.8.5\" id=\"bt_bb_section69ea322f549ac\" class=\"bt_bb_section bt_bb_layout_wide bt_bb_vertical_align_top bt_bb_top_spacing_60 bt_bb_bottom_spacing_100 bt_bb_negative_margin_\"  data-bt-override-class=\"{&quot;bt_bb_top_spacing_&quot;:{&quot;current_class&quot;:&quot;bt_bb_top_spacing_60&quot;,&quot;xxl&quot;:&quot;60&quot;},&quot;bt_bb_bottom_spacing_&quot;:{&quot;current_class&quot;:&quot;bt_bb_bottom_spacing_100&quot;,&quot;xxl&quot;:&quot;100&quot;},&quot;bt_bb_negative_margin_&quot;:{&quot;current_class&quot;:&quot;bt_bb_negative_margin_&quot;,&quot;xxl&quot;:&quot;&quot;}}\"><div class=\"bt_bb_port\"><div class=\"bt_bb_cell\"><div class=\"bt_bb_cell_inner\"><div class=\"bt_bb_row_wrapper bt_bb_row_push_right bt_bb_content_wide bt_bb_row_width_boxed_1200\"><div  class=\"bt_bb_row bt_bb_column_gap_40\"  data-bt-override-class=\"{}\"><div  class=\"bt_bb_column col-xxl-6 col-xl-6 bt_bb_vertical_align_middle bt_bb_align_left bt_bb_padding_normal bt_bb_animation_fade_in animate\"  data-width=\"6\" data-bt-override-class=\"{}\"><div class=\"bt_bb_column_content\"><div class=\"bt_bb_column_content_inner\"><header data-bb-version=\"4.8.5\" class=\"bt_bb_headline bt_bb_dash_top bt_bb_subheadline bt_bb_size_large bt_bb_align_inherit\" data-bt-override-class=\"{&quot;bt_bb_size_&quot;:{&quot;current_class&quot;:&quot;bt_bb_size_large&quot;,&quot;xxl&quot;:&quot;large&quot;},&quot;bt_bb_align_&quot;:{&quot;current_class&quot;:&quot;bt_bb_align_inherit&quot;,&quot;xxl&quot;:&quot;inherit&quot;}}\"><div class=\"bt_bb_headline_subheadline\">Sanayile\u015fmenin \u00f6nemli gereklerinden biri olan otomasyonda yayg\u0131n olarak pn\u00f6matik sistemler kullan\u0131l\u0131r. Pn\u00f6matik sistemlerin \u00e7al\u0131\u015fabilmesi de bas\u0131n\u00e7l\u0131 hava sayesinde olur. Bu nedenle, bas\u0131n\u00e7l\u0131 hava \u00fcretimi geli\u015fmi\u015f ve geli\u015fmekte olan \u00fclkelerin sanayileri i\u00e7in b\u00fcy\u00fck \u00f6nem ta\u015f\u0131r.<br \/>\r\n<br \/>\r\n\u00dclkemizin sanayile\u015fme ve kalk\u0131nma s\u00fcrecinin ba\u015flar\u0131ndan itibaren, sanayide ihtiya\u00e7 duyulan hava kompres\u00f6rleri 1963 y\u0131l\u0131ndan itibaren KOMSAN markas\u0131yla T\u00fcrkiye\u2019de \u00fcretilmeye ba\u015flanm\u0131\u015ft\u0131r. Bu nedenle, yerli kompres\u00f6r denildi\u011finde, KOMSAN ilk akla gelen marka olmu\u015ftur.<br \/>\r\n<br \/>\r\nKOMSAN, ayn\u0131 zamanda yurtd\u0131\u015f\u0131na ihra\u00e7 edilen ilk T\u00fcrk markas\u0131 olman\u0131n hakl\u0131 gururunu ya\u015fam\u0131\u015ft\u0131r. Vida grubu \u00fclkemizde tasarlan\u0131p \u00fcretilen ilk ve tek marka olan KOMSAN, bu \u00f6zelli\u011fi ile d\u00fcnyadaki say\u0131l\u0131 kompres\u00f6r markalar\u0131ndan biridir.<br \/>\r\n<br \/>\r\nAB Kompres\u00f6r , deneyimli ve uzman kadrosu ile KOMSAN markas\u0131n\u0131 b\u00fcnyesine katarak t\u00fcm s\u00fcre\u00e7leri devam ettirmektedir.<br \/>\r\n<br \/>\r\nSayg\u0131lar\u0131m\u0131zla.<\/div><\/header><div class=\"bt_bb_separator bt_bb_border_style_none bt_bb_bottom_spacing_40\" data-bt-override-class=\"null\"><\/div><\/div><\/div><\/div><div  class=\"bt_bb_column col-xxl-6 col-xl-6 bt_bb_vertical_align_top bt_bb_align_left bt_bb_padding_normal bt_bb_animation_fade_in animate\" style=\"position: relative;\" data-width=\"6\" data-bt-override-class=\"{}\"><div class=\"bt_bb_column_content\"><div class=\"bt_bb_column_content_inner\"><div data-bb-version=\"4.8.5\" class=\"bt_bb_image bt_bb_shape_square bt_bb_align_inherit bt_bb_hover_style_simple bt_bb_content_display_always bt_bb_content_align_middle bt_bb_remove_padding_yes bt_bb_fill_background_color_full\" style=\"max-width: 750px;\" data-bt-override-class=\"{&quot;bt_bb_align_&quot;:{&quot;current_class&quot;:&quot;bt_bb_align_inherit&quot;,&quot;xxl&quot;:&quot;inherit&quot;}}\"><span><img src = \"https:\/\/espadabilisim.com\/komsan\/wp-content\/plugins\/bold-page-builder\/img\/blank.gif\" data-full_image_src=\"https:\/\/espadabilisim.com\/komsan\/wp-content\/uploads\/2024\/04\/hakkimizda.jpg\" data-image_src=\"https:\/\/espadabilisim.com\/komsan\/wp-content\/uploads\/2024\/04\/hakkimizda.jpg\" title=\"hakkimizda\" alt=\"https:\/\/espadabilisim.com\/komsan\/wp-content\/uploads\/2024\/04\/hakkimizda.jpg\" class=\"btLazyLoadImage\"><\/span><\/div><div class=\"bt_bb_floating_element bt_bb_floating_element_horizontal_position_left bt_bb_floating_element_vertical_position_top bt_bb_floating_element_animation_delay_default bt_bb_floating_element_animation_duration_default bt_bb_floating_element_animation_style_ease_out\" style=\"mix-blend-mode: multiply; margin-left: 40px; margin-top: 2em;\" data-speed=\"1.0\"><div class=\"bt_bb_floating_element_html\" data-speed=\"1.0\"><span  style=\"width: 6em; height: 6em; transform: skewy(-30deg);background-color: rgba(222, 0, 44, 1);\"><\/span><\/div><\/div><\/div><\/div><\/div><\/div><\/div><\/div><!-- cell_inner --><\/div><!-- cell --><\/div><!-- port --><\/section>","protected":false},"excerpt":{"rendered":"","protected":false},"author":1,"featured_media":1032,"parent":0,"menu_order":0,"comment_status":"closed","ping_status":"closed","template":"","meta":{"footnotes":""},"class_list":["post-1308","page","type-page","status-publish","has-post-thumbnail","hentry"],"_links":{"self":[{"href":"https:\/\/espadabilisim.com\/komsan\/wp-json\/wp\/v2\/pages\/1308","targetHints":{"allow":["GET"]}}],"collection":[{"href":"https:\/\/espadabilisim.com\/komsan\/wp-json\/wp\/v2\/pages"}],"about":[{"href":"https:\/\/espadabilisim.com\/komsan\/wp-json\/wp\/v2\/types\/page"}],"author":[{"embeddable":true,"href":"https:\/\/espadabilisim.com\/komsan\/wp-json\/wp\/v2\/users\/1"}],"replies":[{"embeddable":true,"href":"https:\/\/espadabilisim.com\/komsan\/wp-json\/wp\/v2\/comments?post=1308"}],"version-history":[{"count":14,"href":"https:\/\/espadabilisim.com\/komsan\/wp-json\/wp\/v2\/pages\/1308\/revisions"}],"predecessor-version":[{"id":1671,"href":"https:\/\/espadabilisim.com\/komsan\/wp-json\/wp\/v2\/pages\/1308\/revisions\/1671"}],"wp:featuredmedia":[{"embeddable":true,"href":"https:\/\/espadabilisim.com\/komsan\/wp-json\/wp\/v2\/media\/1032"}],"wp:attachment":[{"href":"https:\/\/espadabilisim.com\/komsan\/wp-json\/wp\/v2\/media?parent=1308"}],"curies":[{"name":"wp","href":"https:\/\/api.w.org\/{rel}","templated":true}]}}