{"id":1601,"date":"2024-04-19T14:48:43","date_gmt":"2024-04-19T11:48:43","guid":{"rendered":"https:\/\/espadabilisim.com\/komsan\/?page_id=1601"},"modified":"2024-04-19T15:05:11","modified_gmt":"2024-04-19T12:05:11","slug":"absorpsiyon-hava-kurutuculari","status":"publish","type":"page","link":"https:\/\/espadabilisim.com\/komsan\/absorpsiyon-hava-kurutuculari\/","title":{"rendered":"Absorpsiyon Hava Kurutucular\u0131"},"content":{"rendered":"<section data-bb-version=\"4.8.5\" id=\"bt_bb_section69e3435addfd2\" class=\"bt_bb_section bt_bb_layout_wide bt_bb_vertical_align_top bt_bb_top_spacing_100 bt_bb_bottom_spacing_100 bt_bb_negative_margin_\" style=\"z-index: 1;background-position:right bottom;background-size:auto;\" data-bt-override-class=\"{&quot;bt_bb_top_spacing_&quot;:{&quot;current_class&quot;:&quot;bt_bb_top_spacing_100&quot;,&quot;xxl&quot;:&quot;100&quot;},&quot;bt_bb_bottom_spacing_&quot;:{&quot;current_class&quot;:&quot;bt_bb_bottom_spacing_100&quot;,&quot;xxl&quot;:&quot;100&quot;},&quot;bt_bb_negative_margin_&quot;:{&quot;current_class&quot;:&quot;bt_bb_negative_margin_&quot;,&quot;xxl&quot;:&quot;&quot;}}\"><div class=\"bt_bb_background_image_holder_wrapper\"><div class=\"bt_bb_background_image_holder btLazyLoadBackground\"  data-background_image_src=\"https:\/\/espadabilisim.com\/komsan\/wp-content\/uploads\/2024\/04\/slider-back.png\" data-parallax-zoom-start=\"1\" data-parallax-zoom-end=\"1\" data-parallax-blur-start=\"0\" data-parallax-blur-end=\"0\" data-parallax-opacity-start=\"1\" data-parallax-opacity-end=\"1\" style=\" background-image: url(&#039;https:\/\/espadabilisim.com\/komsan\/wp-content\/plugins\/bold-page-builder\/img\/blank.gif&#039;);\"><\/div><\/div><div class=\"bt_bb_port\"><div class=\"bt_bb_cell\"><div class=\"bt_bb_cell_inner\"><div class=\"bt_bb_row_wrapper bt_bb_row_push_right bt_bb_content_wide bt_bb_row_width_boxed_1200\"><div  class=\"bt_bb_row\"  data-bt-override-class=\"{}\"><div data-bb-version=\"4.8.5\"  class=\"bt_bb_column col-xxl-12 col-xl-12 col-xs-12 col-sm-12 col-md-12 col-lg-12 bt_bb_vertical_align_middle bt_bb_align_left bt_bb_padding_normal bt_bb_animation_fade_in bt_bb_animation_zoom_out animate\"  data-width=\"12\" data-bt-override-class=\"{&quot;bt_bb_align_&quot;:{&quot;current_class&quot;:&quot;bt_bb_align_left&quot;,&quot;xxl&quot;:&quot;left&quot;},&quot;bt_bb_padding_&quot;:{&quot;current_class&quot;:&quot;bt_bb_padding_normal&quot;,&quot;xxl&quot;:&quot;normal&quot;,&quot;lg&quot;:&quot;20&quot;,&quot;md&quot;:&quot;20&quot;,&quot;sm&quot;:&quot;20&quot;,&quot;xs&quot;:&quot;20&quot;}}\"><div class=\"bt_bb_column_content\"><div class=\"bt_bb_column_content_inner\"><div class=\"bt_bb_separator bt_bb_border_style_none bt_bb_bottom_spacing_60\" data-bt-override-class=\"null\"><\/div><header data-bb-version=\"4.8.5\" class=\"bt_bb_headline bt_bb_dash_top bt_bb_superheadline bt_bb_size_medium bt_bb_align_left\" data-bt-override-class=\"{&quot;bt_bb_size_&quot;:{&quot;current_class&quot;:&quot;bt_bb_size_medium&quot;,&quot;xxl&quot;:&quot;medium&quot;},&quot;bt_bb_align_&quot;:{&quot;current_class&quot;:&quot;bt_bb_align_left&quot;,&quot;xxl&quot;:&quot;left&quot;}}\"><div class=\"bt_bb_headline_superheadline_outside\"><span class=\"bt_bb_headline_superheadline\"><span>Komsan Kimyasal Hava Kurutucular\u0131<\/span><\/span><\/div><h4><span class=\"bt_bb_headline_content\"><span>Absorpsiyon Hava Kurutucular\u0131<span class=\"bt_bb_outline_text bt_bb_outline_text_align_center bt_bb_outline_text_size_400\"><span>Hava Kurutucular\u0131<\/span><\/span><\/span><\/span><\/h4><\/header><\/div><\/div><\/div><\/div><\/div><\/div><!-- cell_inner --><\/div><!-- cell --><\/div><!-- port --><\/section><section data-bb-version=\"4.8.5\" id=\"bt_bb_section69e3435ade348\" class=\"bt_bb_section bt_bb_layout_wide bt_bb_vertical_align_top bt_bb_top_spacing_80 bt_bb_bottom_spacing_80 bt_bb_negative_margin_\" style=\";background-color:#f1f1f1;\" data-bt-override-class=\"{&quot;bt_bb_top_spacing_&quot;:{&quot;current_class&quot;:&quot;bt_bb_top_spacing_80&quot;,&quot;xxl&quot;:&quot;80&quot;,&quot;sm&quot;:&quot;none&quot;,&quot;xs&quot;:&quot;none&quot;},&quot;bt_bb_bottom_spacing_&quot;:{&quot;current_class&quot;:&quot;bt_bb_bottom_spacing_80&quot;,&quot;xxl&quot;:&quot;80&quot;},&quot;bt_bb_negative_margin_&quot;:{&quot;current_class&quot;:&quot;bt_bb_negative_margin_&quot;,&quot;xxl&quot;:&quot;&quot;}}\"><div class=\"bt_bb_port\"><div class=\"bt_bb_cell\"><div class=\"bt_bb_cell_inner\"><div data-bb-version=\"4.8.5\" class=\"bt_bb_row_wrapper bt_bb_row_push_right bt_bb_row_width_boxed_1200\"><div  class=\"bt_bb_row bt_bb_column_gap_40\"  data-bt-override-class=\"{}\"><div data-bb-version=\"4.8.5\"  class=\"bt_bb_column col-xxl-3 col-xl-3 col-xs-12 col-sm-12 col-md-12 col-lg-3 bt_bb_vertical_align_top bt_bb_align_left bt_bb_order_sm_2 bt_bb_order_xs_2 bt_bb_padding_20 bt_bb_animation_fade_in animate\"  data-width=\"3\" data-bt-override-class=\"{&quot;bt_bb_align_&quot;:{&quot;current_class&quot;:&quot;bt_bb_align_left&quot;,&quot;xxl&quot;:&quot;left&quot;},&quot;bt_bb_padding_&quot;:{&quot;current_class&quot;:&quot;bt_bb_padding_20&quot;,&quot;xxl&quot;:&quot;20&quot;}}\"><div class=\"bt_bb_column_content\"><div class=\"bt_bb_column_content_inner\"><header data-bb-version=\"4.8.5\" class=\"bt_bb_headline_with_icon diger_urunler_baslik bt_bb_subheadline bt_bb_size_inherit bt_bb_align_inherit bt_bb_icon_position_left\" data-bt-override-class=\"{&quot;bt_bb_size_&quot;:{&quot;current_class&quot;:&quot;bt_bb_size_inherit&quot;,&quot;xxl&quot;:&quot;inherit&quot;},&quot;bt_bb_align_&quot;:{&quot;current_class&quot;:&quot;bt_bb_align_inherit&quot;,&quot;xxl&quot;:&quot;inherit&quot;}}\"><span data-ico-amwerk=\"&#xe913;\" class=\"bt_bb_icon_holder\"><\/span><div class=\"bt_bb_headline_with_icon_content_holder\"><div class=\"bt_bb_headline_with_icon_subheadline\">D\u0130\u011eER \u00dcR\u00dcNLER\u0130M\u0130Z<\/div><\/div><\/header><div data-bb-version=\"4.8.5\" class=\"bt_bb_custom_menu bt_bb_direction_vertical bt_bb_font_weight_bold\"><div class=\"menu-urunler-tr-container\"><ul id=\"menu-urunler-tr\" class=\"menu\"><li id=\"menu-item-1494\" class=\"menu-item menu-item-type-post_type menu-item-object-page menu-item-1494\"><a href=\"https:\/\/espadabilisim.com\/komsan\/sabit-hizli-vidali-kompresorler\/\">Sabit H\u0131zl\u0131 Vidal\u0131 Kompres\u00f6rler<\/a><\/li>\n<li id=\"menu-item-1532\" class=\"menu-item menu-item-type-post_type menu-item-object-page menu-item-1532\"><a href=\"https:\/\/espadabilisim.com\/komsan\/invertorlu-kompresorler\/\">\u0130nvert\u00f6rl\u00fc Kompres\u00f6rler<\/a><\/li>\n<li id=\"menu-item-1552\" class=\"menu-item menu-item-type-post_type menu-item-object-page menu-item-1552\"><a href=\"https:\/\/espadabilisim.com\/komsan\/direkt-akuple-kompresorler\/\">Direkt Akuple Kompres\u00f6rler<\/a><\/li>\n<li id=\"menu-item-1559\" class=\"menu-item menu-item-type-post_type menu-item-object-page menu-item-1559\"><a href=\"https:\/\/espadabilisim.com\/komsan\/iki-kademeli-hava-kompresorleri\/\">\u0130ki Kademeli Hava Kompres\u00f6rleri<\/a><\/li>\n<li id=\"menu-item-1569\" class=\"menu-item menu-item-type-post_type menu-item-object-page menu-item-1569\"><a href=\"https:\/\/espadabilisim.com\/komsan\/depo-ustu-vidali-kompresor\/\">Depo \u00dcst\u00fc Vidal\u0131 Kompres\u00f6r<\/a><\/li>\n<li id=\"menu-item-1578\" class=\"menu-item menu-item-type-post_type menu-item-object-page menu-item-1578\"><a href=\"https:\/\/espadabilisim.com\/komsan\/yagsiz-scroll-kompresor\/\">Ya\u011fs\u0131z Scroll Kompres\u00f6r<\/a><\/li>\n<li id=\"menu-item-1594\" class=\"menu-item menu-item-type-post_type menu-item-object-page menu-item-1594\"><a href=\"https:\/\/espadabilisim.com\/komsan\/yagsiz-pistonlu-kompresorler\/\">Ya\u011fs\u0131z Pistonlu Kompres\u00f6rler<\/a><\/li>\n<li id=\"menu-item-1618\" class=\"menu-item menu-item-type-post_type menu-item-object-page menu-item-1618\"><a href=\"https:\/\/espadabilisim.com\/komsan\/sogutmali-hava-kurutuculari\/\">So\u011futmal\u0131 Hava Kurutucular\u0131<\/a><\/li>\n<li id=\"menu-item-1617\" class=\"menu-item menu-item-type-post_type menu-item-object-page menu-item-1617\"><a href=\"https:\/\/espadabilisim.com\/komsan\/absorpsiyon-hava-kurutuculari\/\">Absorpsiyon Hava Kurutucular\u0131<\/a><\/li>\n<li id=\"menu-item-1663\" class=\"menu-item menu-item-type-post_type menu-item-object-page menu-item-1663\"><a href=\"https:\/\/espadabilisim.com\/komsan\/hava-filtreleri\/\">Hava Filtreleri<\/a><\/li>\n<li id=\"menu-item-1662\" class=\"menu-item menu-item-type-post_type menu-item-object-page menu-item-1662\"><a href=\"https:\/\/espadabilisim.com\/komsan\/hava-tanklari\/\">Hava Tanklar\u0131<\/a><\/li>\n<li id=\"menu-item-1661\" class=\"menu-item menu-item-type-post_type menu-item-object-page menu-item-1661\"><a href=\"https:\/\/espadabilisim.com\/komsan\/yonetim-sistemleri\/\">Y\u00f6netim Sistemleri<\/a><\/li>\n<li id=\"menu-item-1660\" class=\"menu-item menu-item-type-post_type menu-item-object-page menu-item-1660\"><a href=\"https:\/\/espadabilisim.com\/komsan\/solunabilir-hava-sistemi\/\">Solunabilir Hava Sistemi<\/a><\/li>\n<li id=\"menu-item-1659\" class=\"menu-item menu-item-type-post_type menu-item-object-page menu-item-1659\"><a href=\"https:\/\/espadabilisim.com\/komsan\/nitrojen-jeneratorleri\/\">Nitrojen Jenerat\u00f6rleri<\/a><\/li>\n<\/ul><\/div><\/div><\/div><\/div><\/div><div data-bb-version=\"4.8.5\"  class=\"bt_bb_column col-xxl-9 col-xl-9 col-xs-12 col-sm-12 col-md-12 col-lg-9 bt_bb_vertical_align_middle bt_bb_align_left bt_bb_padding_normal bt_bb_animation_fade_in animate\" style=\"margin-bottom:60px;\" data-width=\"9\" data-bt-override-class=\"{&quot;bt_bb_align_&quot;:{&quot;current_class&quot;:&quot;bt_bb_align_left&quot;,&quot;xxl&quot;:&quot;left&quot;},&quot;bt_bb_padding_&quot;:{&quot;current_class&quot;:&quot;bt_bb_padding_normal&quot;,&quot;xxl&quot;:&quot;normal&quot;}}\"><div class=\"bt_bb_column_content\"><div class=\"bt_bb_column_content_inner\"><div class=\"bt_bb_separator bt_bb_border_style_none bt_bb_bottom_spacing_80 bt_bb_hidden_md bt_bb_hidden_lg\" data-bt-override-class=\"null\"><\/div><header data-bb-version=\"4.8.5\" class=\"bt_bb_headline bt_bb_dash_top bt_bb_superheadline bt_bb_size_large bt_bb_align_inherit\" data-bt-override-class=\"{&quot;bt_bb_size_&quot;:{&quot;current_class&quot;:&quot;bt_bb_size_large&quot;,&quot;xxl&quot;:&quot;large&quot;},&quot;bt_bb_align_&quot;:{&quot;current_class&quot;:&quot;bt_bb_align_inherit&quot;,&quot;xxl&quot;:&quot;inherit&quot;}}\"><h1><span class=\"bt_bb_headline_superheadline\"><span>1m<sup>3<\/sup>\/dakikadan 60m<sup>3<\/sup>\/dak<\/span><\/span><\/h1><\/header><div class=\"bt_bb_separator bt_bb_border_style_none bt_bb_bottom_spacing_40\" data-bt-override-class=\"null\"><\/div><div data-bb-version=\"4.8.5\" class=\"bt_bb_slider urun_galeri urun_galeri_buyuk bt_bb_height_keep-height bt_bb_multiple_slides bt_bb_multiple_slides bt_bb_animation_slide animate bt_bb_overflow_no bt_bb_thick_line_no bt_bb_active_dot_accent bt_bb_inactive_dot_light_font bt_bb_slider_arrows_dark_font_light_bg bt_bb_arrows_size_small\"><div class=\"slick-slider\"  data-slick='{ \"lazyLoad\": \"progressive\", \"cssEase\": \"ease-out\", \"speed\": \"300\", \"prevArrow\": \"&lt;button type=\\\"button\\\" class=\\\"slick-prev\\\" aria-label=\\\"Previous\\\" tabindex=\\\"0\\\" role=\\\"button\\\"&gt;&lt;\/button&gt;\", \"nextArrow\": \"&lt;button type=\\\"button\\\" class=\\\"slick-next\\\" aria-label=\\\"Next\\\" tabindex=\\\"0\\\" role=\\\"button\\\"&gt;&lt;\/button&gt;\",\"slidesToShow\": 3,\"slidesToShow\": 3, \"responsive\": [{ \"breakpoint\": 480, \"settings\": { \"slidesToShow\": 1, \"slidesToScroll\": 1 } },{ \"breakpoint\": 768, \"settings\": { \"slidesToShow\": 2, \"slidesToScroll\": 2 } },{ \"breakpoint\": 992, \"settings\": { \"slidesToShow\": 3, \"slidesToScroll\": 3 } },{ \"breakpoint\": 1200, \"settings\": { \"slidesToShow\": 3, \"slidesToScroll\": 3 } },{ \"breakpoint\": 1400, \"settings\": { \"slidesToShow\": 3, \"slidesToScroll\": 3 } }]}' ><div class=\"bt_bb_slider_item\" data-src-full=\"https:\/\/espadabilisim.com\/komsan\/wp-content\/uploads\/2024\/04\/kimyasal_kurutucu-1.jpg\"><img decoding=\"async\" src=\"https:\/\/espadabilisim.com\/komsan\/wp-content\/uploads\/2024\/04\/kimyasal_kurutucu-1.jpg\" alt=\"SONY DSC\"  title=\"SONY DSC\"><\/div><\/div><\/div><div class=\"bt_bb_row_wrapper\"><div  class=\"bt_bb_row_inner\"  data-bt-override-class=\"{}\"><div  class=\"bt_bb_column_inner col-xxl-12 col-xl-12 col-xs-12 col-sm-12 col-md-12 col-lg-12 bt_bb_vertical_align_top bt_bb_align_left bt_bb_padding_normal\"  data-width=\"12\" data-bt-override-class=\"{}\"><div class=\"bt_bb_column_inner_content\"><div data-bb-version=\"4.8.5\"  class=\"bt_bb_text\" ><p><img loading=\"lazy\" decoding=\"async\" class=\"alignnone size-full wp-image-1611\" src=\"https:\/\/espadabilisim.com\/komsan\/wp-content\/uploads\/2024\/04\/kimyasal_kurutucu-tablo-1.jpg\" alt=\"\" width=\"1200\" height=\"2100\" srcset=\"https:\/\/espadabilisim.com\/komsan\/wp-content\/uploads\/2024\/04\/kimyasal_kurutucu-tablo-1.jpg 1200w, https:\/\/espadabilisim.com\/komsan\/wp-content\/uploads\/2024\/04\/kimyasal_kurutucu-tablo-1-640x1120.jpg 640w, https:\/\/espadabilisim.com\/komsan\/wp-content\/uploads\/2024\/04\/kimyasal_kurutucu-tablo-1-768x1344.jpg 768w, https:\/\/espadabilisim.com\/komsan\/wp-content\/uploads\/2024\/04\/kimyasal_kurutucu-tablo-1-878x1536.jpg 878w, https:\/\/espadabilisim.com\/komsan\/wp-content\/uploads\/2024\/04\/kimyasal_kurutucu-tablo-1-1170x2048.jpg 1170w, https:\/\/espadabilisim.com\/komsan\/wp-content\/uploads\/2024\/04\/kimyasal_kurutucu-tablo-1-320x560.jpg 320w\" sizes=\"auto, (max-width: 1200px) 100vw, 1200px\" \/><\/p>\n<\/div><div class=\"bt_bb_separator bt_bb_border_style_none bt_bb_bottom_spacing_10 bt_bb_hidden_md bt_bb_hidden_lg\" data-bt-override-class=\"null\"><\/div><\/div><\/div><\/div><\/div><div class=\"bt_bb_separator bt_bb_border_style_solid bt_bb_top_spacing_40 bt_bb_bottom_spacing_40\" data-bt-override-class=\"null\"><\/div><div data-bb-version=\"4.8.5\" class=\"bt_bb_button bt_bb_color_scheme_6 bt_bb_icon_position_left bt_bb_style_filled bt_bb_size_normal bt_bb_width_inline bt_bb_shape_inherit bt_bb_target_self bt_bb_text_transform_inherit bt_bb_align_inherit\" style=\"; --primary-color:#ffffff; --secondary-color:#f07e12;\" data-bt-override-class=\"{&quot;bt_bb_size_&quot;:{&quot;current_class&quot;:&quot;bt_bb_size_normal&quot;,&quot;xxl&quot;:&quot;normal&quot;},&quot;bt_bb_align_&quot;:{&quot;current_class&quot;:&quot;bt_bb_align_inherit&quot;,&quot;xxl&quot;:&quot;inherit&quot;}}\"><a href=\"https:\/\/espadabilisim.com\/komsan\/iletisim\/\" target=\"_self\" class=\"bt_bb_link\" title=\"Hemen Fiyat Teklifi Al\u0131n\"><span class=\"bt_bb_button_text\" >Hemen Fiyat Teklifi Al\u0131n<\/span><\/a><\/div><\/div><\/div><\/div><\/div><\/div><\/div><!-- cell_inner --><\/div><!-- cell --><\/div><!-- port --><\/section>","protected":false},"excerpt":{"rendered":"<p>Sahada kendini kan\u0131tlam\u0131\u015f Vek Serisi; y\u00fcksek verimi ve ekonomiyi bir arada sunmaktad\u0131r. Yeni opsiyonel donan\u0131mlar\u0131 ile ihtiya\u00e7lar\u0131n\u0131za tam olarak cevap verir.<br \/>\n\u00dcr\u00fcn Gam\u0131 ve Teknik Veriler > Sayfa 6<\/p>\n","protected":false},"author":1,"featured_media":578,"parent":0,"menu_order":0,"comment_status":"closed","ping_status":"closed","template":"","meta":{"footnotes":""},"class_list":["post-1601","page","type-page","status-publish","has-post-thumbnail","hentry"],"_links":{"self":[{"href":"https:\/\/espadabilisim.com\/komsan\/wp-json\/wp\/v2\/pages\/1601","targetHints":{"allow":["GET"]}}],"collection":[{"href":"https:\/\/espadabilisim.com\/komsan\/wp-json\/wp\/v2\/pages"}],"about":[{"href":"https:\/\/espadabilisim.com\/komsan\/wp-json\/wp\/v2\/types\/page"}],"author":[{"embeddable":true,"href":"https:\/\/espadabilisim.com\/komsan\/wp-json\/wp\/v2\/users\/1"}],"replies":[{"embeddable":true,"href":"https:\/\/espadabilisim.com\/komsan\/wp-json\/wp\/v2\/comments?post=1601"}],"version-history":[{"count":8,"href":"https:\/\/espadabilisim.com\/komsan\/wp-json\/wp\/v2\/pages\/1601\/revisions"}],"predecessor-version":[{"id":1614,"href":"https:\/\/espadabilisim.com\/komsan\/wp-json\/wp\/v2\/pages\/1601\/revisions\/1614"}],"wp:featuredmedia":[{"embeddable":true,"href":"https:\/\/espadabilisim.com\/komsan\/wp-json\/wp\/v2\/media\/578"}],"wp:attachment":[{"href":"https:\/\/espadabilisim.com\/komsan\/wp-json\/wp\/v2\/media?parent=1601"}],"curies":[{"name":"wp","href":"https:\/\/api.w.org\/{rel}","templated":true}]}}