{"id":1772,"date":"2024-04-26T23:49:25","date_gmt":"2024-04-26T20:49:25","guid":{"rendered":"https:\/\/espadabilisim.com\/komsan\/?page_id=1772"},"modified":"2024-04-27T23:37:03","modified_gmt":"2024-04-27T20:37:03","slug":"two-stage-rotary-air-compressors","status":"publish","type":"page","link":"https:\/\/espadabilisim.com\/komsan\/en\/two-stage-rotary-air-compressors\/","title":{"rendered":"Two Stage Rotary Air Compressors"},"content":{"rendered":"<section data-bb-version=\"4.8.5\" id=\"bt_bb_section69e5ed9aa9f7f\" class=\"bt_bb_section bt_bb_layout_wide bt_bb_vertical_align_top bt_bb_top_spacing_100 bt_bb_bottom_spacing_100 bt_bb_negative_margin_\" style=\"z-index: 1;background-position:right bottom;background-size:auto;\" data-bt-override-class=\"{&quot;bt_bb_top_spacing_&quot;:{&quot;current_class&quot;:&quot;bt_bb_top_spacing_100&quot;,&quot;xxl&quot;:&quot;100&quot;},&quot;bt_bb_bottom_spacing_&quot;:{&quot;current_class&quot;:&quot;bt_bb_bottom_spacing_100&quot;,&quot;xxl&quot;:&quot;100&quot;},&quot;bt_bb_negative_margin_&quot;:{&quot;current_class&quot;:&quot;bt_bb_negative_margin_&quot;,&quot;xxl&quot;:&quot;&quot;}}\"><div class=\"bt_bb_background_image_holder_wrapper\"><div class=\"bt_bb_background_image_holder btLazyLoadBackground\"  data-background_image_src=\"https:\/\/espadabilisim.com\/komsan\/wp-content\/uploads\/2024\/04\/slider-back.png\" data-parallax-zoom-start=\"1\" data-parallax-zoom-end=\"1\" data-parallax-blur-start=\"0\" data-parallax-blur-end=\"0\" data-parallax-opacity-start=\"1\" data-parallax-opacity-end=\"1\" style=\" background-image: url(&#039;https:\/\/espadabilisim.com\/komsan\/wp-content\/plugins\/bold-page-builder\/img\/blank.gif&#039;);\"><\/div><\/div><div class=\"bt_bb_port\"><div class=\"bt_bb_cell\"><div class=\"bt_bb_cell_inner\"><div class=\"bt_bb_row_wrapper bt_bb_row_push_right bt_bb_content_wide bt_bb_row_width_boxed_1200\"><div  class=\"bt_bb_row\"  data-bt-override-class=\"{}\"><div data-bb-version=\"4.8.5\"  class=\"bt_bb_column col-xxl-12 col-xl-12 col-xs-12 col-sm-12 col-md-12 col-lg-12 bt_bb_vertical_align_middle bt_bb_align_left bt_bb_padding_normal bt_bb_animation_fade_in bt_bb_animation_zoom_out animate\"  data-width=\"12\" data-bt-override-class=\"{&quot;bt_bb_align_&quot;:{&quot;current_class&quot;:&quot;bt_bb_align_left&quot;,&quot;xxl&quot;:&quot;left&quot;},&quot;bt_bb_padding_&quot;:{&quot;current_class&quot;:&quot;bt_bb_padding_normal&quot;,&quot;xxl&quot;:&quot;normal&quot;,&quot;lg&quot;:&quot;20&quot;,&quot;md&quot;:&quot;20&quot;,&quot;sm&quot;:&quot;20&quot;,&quot;xs&quot;:&quot;20&quot;}}\"><div class=\"bt_bb_column_content\"><div class=\"bt_bb_column_content_inner\"><div class=\"bt_bb_separator bt_bb_border_style_none bt_bb_bottom_spacing_60\" data-bt-override-class=\"null\"><\/div><header data-bb-version=\"4.8.5\" class=\"bt_bb_headline bt_bb_dash_top bt_bb_superheadline bt_bb_size_medium bt_bb_align_left\" data-bt-override-class=\"{&quot;bt_bb_size_&quot;:{&quot;current_class&quot;:&quot;bt_bb_size_medium&quot;,&quot;xxl&quot;:&quot;medium&quot;},&quot;bt_bb_align_&quot;:{&quot;current_class&quot;:&quot;bt_bb_align_left&quot;,&quot;xxl&quot;:&quot;left&quot;}}\"><div class=\"bt_bb_headline_superheadline_outside\"><span class=\"bt_bb_headline_superheadline\"><span>Vek Evo Series<\/span><\/span><\/div><h4><span class=\"bt_bb_headline_content\"><span>Two Stage Air Compressors<span class=\"bt_bb_outline_text bt_bb_outline_text_align_center bt_bb_outline_text_size_400\"><span>VEK<\/span><\/span><\/span><\/span><\/h4><\/header><\/div><\/div><\/div><\/div><\/div><\/div><!-- cell_inner --><\/div><!-- cell --><\/div><!-- port --><\/section><section data-bb-version=\"4.8.5\" id=\"bt_bb_section69e5ed9aaa302\" class=\"bt_bb_section bt_bb_layout_wide bt_bb_vertical_align_top bt_bb_top_spacing_80 bt_bb_bottom_spacing_80 bt_bb_negative_margin_\" style=\";background-color:#f1f1f1;\" data-bt-override-class=\"{&quot;bt_bb_top_spacing_&quot;:{&quot;current_class&quot;:&quot;bt_bb_top_spacing_80&quot;,&quot;xxl&quot;:&quot;80&quot;,&quot;sm&quot;:&quot;none&quot;,&quot;xs&quot;:&quot;none&quot;},&quot;bt_bb_bottom_spacing_&quot;:{&quot;current_class&quot;:&quot;bt_bb_bottom_spacing_80&quot;,&quot;xxl&quot;:&quot;80&quot;},&quot;bt_bb_negative_margin_&quot;:{&quot;current_class&quot;:&quot;bt_bb_negative_margin_&quot;,&quot;xxl&quot;:&quot;&quot;}}\"><div class=\"bt_bb_port\"><div class=\"bt_bb_cell\"><div class=\"bt_bb_cell_inner\"><div data-bb-version=\"4.8.5\" class=\"bt_bb_row_wrapper bt_bb_row_push_right bt_bb_row_width_boxed_1200\"><div  class=\"bt_bb_row bt_bb_column_gap_40\"  data-bt-override-class=\"{}\"><div data-bb-version=\"4.8.5\"  class=\"bt_bb_column col-xxl-3 col-xl-3 col-xs-12 col-sm-12 col-md-12 col-lg-3 bt_bb_vertical_align_top bt_bb_align_left bt_bb_order_sm_2 bt_bb_order_xs_2 bt_bb_padding_20 bt_bb_animation_fade_in animate\"  data-width=\"3\" data-bt-override-class=\"{&quot;bt_bb_align_&quot;:{&quot;current_class&quot;:&quot;bt_bb_align_left&quot;,&quot;xxl&quot;:&quot;left&quot;},&quot;bt_bb_padding_&quot;:{&quot;current_class&quot;:&quot;bt_bb_padding_20&quot;,&quot;xxl&quot;:&quot;20&quot;}}\"><div class=\"bt_bb_column_content\"><div class=\"bt_bb_column_content_inner\"><header data-bb-version=\"4.8.5\" class=\"bt_bb_headline_with_icon diger_urunler_baslik bt_bb_subheadline bt_bb_size_inherit bt_bb_align_inherit bt_bb_icon_position_left\" data-bt-override-class=\"{&quot;bt_bb_size_&quot;:{&quot;current_class&quot;:&quot;bt_bb_size_inherit&quot;,&quot;xxl&quot;:&quot;inherit&quot;},&quot;bt_bb_align_&quot;:{&quot;current_class&quot;:&quot;bt_bb_align_inherit&quot;,&quot;xxl&quot;:&quot;inherit&quot;}}\"><span data-ico-amwerk=\"&#xe913;\" class=\"bt_bb_icon_holder\"><\/span><div class=\"bt_bb_headline_with_icon_content_holder\"><div class=\"bt_bb_headline_with_icon_subheadline\">OUR OTHER PRODUCTS<\/div><\/div><\/header><div data-bb-version=\"4.8.5\" class=\"bt_bb_custom_menu bt_bb_direction_vertical bt_bb_font_weight_bold\"><div class=\"menu-urunler-en-container\"><ul id=\"menu-urunler-en\" class=\"menu\"><li id=\"menu-item-1833\" class=\"menu-item menu-item-type-post_type menu-item-object-page menu-item-1833\"><a href=\"https:\/\/espadabilisim.com\/komsan\/en\/fixed-speed-screw-compressor\/\">Fixed Speed Screw Compressor<\/a><\/li>\n<li id=\"menu-item-1832\" class=\"menu-item menu-item-type-post_type menu-item-object-page menu-item-1832\"><a href=\"https:\/\/espadabilisim.com\/komsan\/en\/inverter-compressor\/\">Inverter Compressor<\/a><\/li>\n<li id=\"menu-item-1831\" class=\"menu-item menu-item-type-post_type menu-item-object-page menu-item-1831\"><a href=\"https:\/\/espadabilisim.com\/komsan\/en\/direct-drive-compressor\/\">Direct Drive Compressor<\/a><\/li>\n<li id=\"menu-item-1830\" class=\"menu-item menu-item-type-post_type menu-item-object-page menu-item-1830\"><a href=\"https:\/\/espadabilisim.com\/komsan\/en\/two-stage-rotary-air-compressors\/\">Two Stage Rotary Air Compressors<\/a><\/li>\n<li id=\"menu-item-1829\" class=\"menu-item menu-item-type-post_type menu-item-object-page menu-item-1829\"><a href=\"https:\/\/espadabilisim.com\/komsan\/en\/mount-on-rotary-screw-compressors\/\">Mount on Rotary Screw Compressors<\/a><\/li>\n<li id=\"menu-item-1828\" class=\"menu-item menu-item-type-post_type menu-item-object-page menu-item-1828\"><a href=\"https:\/\/espadabilisim.com\/komsan\/en\/oil-free-scroll-compressor\/\">Oil-Free Scroll Compressor<\/a><\/li>\n<li id=\"menu-item-1827\" class=\"menu-item menu-item-type-post_type menu-item-object-page menu-item-1827\"><a href=\"https:\/\/espadabilisim.com\/komsan\/en\/oil-free-piston-tip-compressors\/\">Oil Free Piston Tip Compressors<\/a><\/li>\n<li id=\"menu-item-1826\" class=\"menu-item menu-item-type-post_type menu-item-object-page menu-item-1826\"><a href=\"https:\/\/espadabilisim.com\/komsan\/en\/refrigerated-air-dryers\/\">Refrigerated Air Dryers<\/a><\/li>\n<li id=\"menu-item-1825\" class=\"menu-item menu-item-type-post_type menu-item-object-page menu-item-1825\"><a href=\"https:\/\/espadabilisim.com\/komsan\/en\/absorbtion-air-dryers\/\">Absorbtion Air Dryers<\/a><\/li>\n<li id=\"menu-item-1824\" class=\"menu-item menu-item-type-post_type menu-item-object-page menu-item-1824\"><a href=\"https:\/\/espadabilisim.com\/komsan\/en\/air-filters\/\">Air Filters<\/a><\/li>\n<li id=\"menu-item-1823\" class=\"menu-item menu-item-type-post_type menu-item-object-page menu-item-1823\"><a href=\"https:\/\/espadabilisim.com\/komsan\/en\/air-tanks\/\">Air Tanks<\/a><\/li>\n<li id=\"menu-item-1822\" class=\"menu-item menu-item-type-post_type menu-item-object-page menu-item-1822\"><a href=\"https:\/\/espadabilisim.com\/komsan\/en\/management-systems\/\">Management Systems<\/a><\/li>\n<li id=\"menu-item-1821\" class=\"menu-item menu-item-type-post_type menu-item-object-page menu-item-1821\"><a href=\"https:\/\/espadabilisim.com\/komsan\/en\/breathing-air-solutions\/\">Breathing Air Solutions<\/a><\/li>\n<li id=\"menu-item-1820\" class=\"menu-item menu-item-type-post_type menu-item-object-page menu-item-1820\"><a href=\"https:\/\/espadabilisim.com\/komsan\/en\/nitrogen-generators\/\">Nitrogen Generators<\/a><\/li>\n<\/ul><\/div><\/div><\/div><\/div><\/div><div data-bb-version=\"4.8.5\"  class=\"bt_bb_column col-xxl-9 col-xl-9 col-xs-12 col-sm-12 col-md-12 col-lg-9 bt_bb_vertical_align_top bt_bb_align_left bt_bb_padding_normal bt_bb_animation_fade_in animate\" style=\"margin-bottom:60px;\" data-width=\"9\" data-bt-override-class=\"{&quot;bt_bb_align_&quot;:{&quot;current_class&quot;:&quot;bt_bb_align_left&quot;,&quot;xxl&quot;:&quot;left&quot;},&quot;bt_bb_padding_&quot;:{&quot;current_class&quot;:&quot;bt_bb_padding_normal&quot;,&quot;xxl&quot;:&quot;normal&quot;}}\"><div class=\"bt_bb_column_content\"><div class=\"bt_bb_column_content_inner\"><div class=\"bt_bb_separator bt_bb_border_style_none bt_bb_bottom_spacing_80 bt_bb_hidden_md bt_bb_hidden_lg\" data-bt-override-class=\"null\"><\/div><header data-bb-version=\"4.8.5\" class=\"bt_bb_headline bt_bb_dash_top bt_bb_superheadline bt_bb_subheadline bt_bb_size_large bt_bb_align_inherit\" data-bt-override-class=\"{&quot;bt_bb_size_&quot;:{&quot;current_class&quot;:&quot;bt_bb_size_large&quot;,&quot;xxl&quot;:&quot;large&quot;},&quot;bt_bb_align_&quot;:{&quot;current_class&quot;:&quot;bt_bb_align_inherit&quot;,&quot;xxl&quot;:&quot;inherit&quot;}}\"><h1><span class=\"bt_bb_headline_superheadline\"><span>VEK Evo Series<\/span><\/span><\/h1><div class=\"bt_bb_headline_subheadline\">Two-stage air compressors are powerful and effective machines used to increase air pressure. These compressors are generally used in high pressure applications and operate with two separate compression stages. In the first stage, air is compressed for the first time and then in the second stage it is compressed a second time to reach a higher pressure level. This way, air is compressed more efficiently while reaching higher pressures. The two-stage design is ideal for achieving higher pressures than single-stage compressors and is widely used in industrial applications, especially large-scale manufacturing and power generation.<\/div><\/header><div class=\"bt_bb_separator bt_bb_border_style_none bt_bb_bottom_spacing_40\" data-bt-override-class=\"null\"><\/div><div class=\"bt_bb_separator bt_bb_border_style_solid bt_bb_top_spacing_40 bt_bb_bottom_spacing_40\" data-bt-override-class=\"null\"><\/div><div data-bb-version=\"4.8.5\" class=\"bt_bb_button bt_bb_color_scheme_6 bt_bb_icon_position_left bt_bb_style_filled bt_bb_size_normal bt_bb_width_inline bt_bb_shape_inherit bt_bb_target_self bt_bb_text_transform_inherit bt_bb_align_inherit\" style=\"; --primary-color:#ffffff; --secondary-color:#f07e12;\" data-bt-override-class=\"{&quot;bt_bb_size_&quot;:{&quot;current_class&quot;:&quot;bt_bb_size_normal&quot;,&quot;xxl&quot;:&quot;normal&quot;},&quot;bt_bb_align_&quot;:{&quot;current_class&quot;:&quot;bt_bb_align_inherit&quot;,&quot;xxl&quot;:&quot;inherit&quot;}}\"><a href=\"https:\/\/espadabilisim.com\/komsan\/iletisim\/\" target=\"_self\" class=\"bt_bb_link\" title=\"Get a Quote Now\"><span class=\"bt_bb_button_text\" >Get a Quote Now<\/span><\/a><\/div><\/div><\/div><\/div><\/div><\/div><\/div><!-- cell_inner --><\/div><!-- cell --><\/div><!-- port --><\/section>","protected":false},"excerpt":{"rendered":"<p>Sahada kendini kan\u0131tlam\u0131\u015f Vek Serisi; y\u00fcksek verimi ve ekonomiyi bir arada sunmaktad\u0131r. Yeni opsiyonel donan\u0131mlar\u0131 ile ihtiya\u00e7lar\u0131n\u0131za tam olarak cevap verir.<br \/>\n\u00dcr\u00fcn Gam\u0131 ve Teknik Veriler > Sayfa 6<\/p>\n","protected":false},"author":1,"featured_media":578,"parent":0,"menu_order":0,"comment_status":"closed","ping_status":"closed","template":"","meta":{"footnotes":""},"class_list":["post-1772","page","type-page","status-publish","has-post-thumbnail","hentry"],"_links":{"self":[{"href":"https:\/\/espadabilisim.com\/komsan\/wp-json\/wp\/v2\/pages\/1772","targetHints":{"allow":["GET"]}}],"collection":[{"href":"https:\/\/espadabilisim.com\/komsan\/wp-json\/wp\/v2\/pages"}],"about":[{"href":"https:\/\/espadabilisim.com\/komsan\/wp-json\/wp\/v2\/types\/page"}],"author":[{"embeddable":true,"href":"https:\/\/espadabilisim.com\/komsan\/wp-json\/wp\/v2\/users\/1"}],"replies":[{"embeddable":true,"href":"https:\/\/espadabilisim.com\/komsan\/wp-json\/wp\/v2\/comments?post=1772"}],"version-history":[{"count":3,"href":"https:\/\/espadabilisim.com\/komsan\/wp-json\/wp\/v2\/pages\/1772\/revisions"}],"predecessor-version":[{"id":1847,"href":"https:\/\/espadabilisim.com\/komsan\/wp-json\/wp\/v2\/pages\/1772\/revisions\/1847"}],"wp:featuredmedia":[{"embeddable":true,"href":"https:\/\/espadabilisim.com\/komsan\/wp-json\/wp\/v2\/media\/578"}],"wp:attachment":[{"href":"https:\/\/espadabilisim.com\/komsan\/wp-json\/wp\/v2\/media?parent=1772"}],"curies":[{"name":"wp","href":"https:\/\/api.w.org\/{rel}","templated":true}]}}