{"id":1998,"date":"2024-04-30T14:07:16","date_gmt":"2024-04-30T11:07:16","guid":{"rendered":"https:\/\/espadabilisim.com\/komsan\/?page_id=1998"},"modified":"2024-04-30T14:47:53","modified_gmt":"2024-04-30T11:47:53","slug":"oil-free-piston-tip-compressors-ru","status":"publish","type":"page","link":"https:\/\/espadabilisim.com\/komsan\/ru\/oil-free-piston-tip-compressors-ru\/","title":{"rendered":"\u0411\u0435\u0437\u043c\u0430c\u043b\u044f\u043d\u044b\u0435 \u041f\u043e\u0440\u0448\u043d\u0435\u0432\u043e\u0433\u043e \u0422\u0438\u043f\u0430 \u041a\u043e\u043c\u043f\u0440\u0435\u0441\u0441\u043e\u0440\u0430"},"content":{"rendered":"<section data-bb-version=\"4.8.5\" id=\"bt_bb_section69f4ff79d61d4\" class=\"bt_bb_section bt_bb_layout_wide bt_bb_vertical_align_top bt_bb_top_spacing_100 bt_bb_bottom_spacing_100 bt_bb_negative_margin_\" style=\"z-index: 1;background-position:right bottom;background-size:auto;\" data-bt-override-class=\"{&quot;bt_bb_top_spacing_&quot;:{&quot;current_class&quot;:&quot;bt_bb_top_spacing_100&quot;,&quot;xxl&quot;:&quot;100&quot;},&quot;bt_bb_bottom_spacing_&quot;:{&quot;current_class&quot;:&quot;bt_bb_bottom_spacing_100&quot;,&quot;xxl&quot;:&quot;100&quot;},&quot;bt_bb_negative_margin_&quot;:{&quot;current_class&quot;:&quot;bt_bb_negative_margin_&quot;,&quot;xxl&quot;:&quot;&quot;}}\"><div class=\"bt_bb_background_image_holder_wrapper\"><div class=\"bt_bb_background_image_holder btLazyLoadBackground\"  data-background_image_src=\"https:\/\/espadabilisim.com\/komsan\/wp-content\/uploads\/2024\/04\/slider-back.png\" data-parallax-zoom-start=\"1\" data-parallax-zoom-end=\"1\" data-parallax-blur-start=\"0\" data-parallax-blur-end=\"0\" data-parallax-opacity-start=\"1\" data-parallax-opacity-end=\"1\" style=\" background-image: url(&#039;https:\/\/espadabilisim.com\/komsan\/wp-content\/plugins\/bold-page-builder\/img\/blank.gif&#039;);\"><\/div><\/div><div class=\"bt_bb_port\"><div class=\"bt_bb_cell\"><div class=\"bt_bb_cell_inner\"><div class=\"bt_bb_row_wrapper bt_bb_row_push_right bt_bb_content_wide bt_bb_row_width_boxed_1200\"><div  class=\"bt_bb_row\"  data-bt-override-class=\"{}\"><div data-bb-version=\"4.8.5\"  class=\"bt_bb_column col-xxl-12 col-xl-12 col-xs-12 col-sm-12 col-md-12 col-lg-12 bt_bb_vertical_align_middle bt_bb_align_left bt_bb_padding_normal bt_bb_animation_fade_in bt_bb_animation_zoom_out animate\"  data-width=\"12\" data-bt-override-class=\"{&quot;bt_bb_align_&quot;:{&quot;current_class&quot;:&quot;bt_bb_align_left&quot;,&quot;xxl&quot;:&quot;left&quot;},&quot;bt_bb_padding_&quot;:{&quot;current_class&quot;:&quot;bt_bb_padding_normal&quot;,&quot;xxl&quot;:&quot;normal&quot;,&quot;lg&quot;:&quot;20&quot;,&quot;md&quot;:&quot;20&quot;,&quot;sm&quot;:&quot;20&quot;,&quot;xs&quot;:&quot;20&quot;}}\"><div class=\"bt_bb_column_content\"><div class=\"bt_bb_column_content_inner\"><div class=\"bt_bb_separator bt_bb_border_style_none bt_bb_bottom_spacing_60\" data-bt-override-class=\"null\"><\/div><header data-bb-version=\"4.8.5\" class=\"bt_bb_headline bt_bb_dash_top bt_bb_superheadline bt_bb_size_medium bt_bb_align_left\" data-bt-override-class=\"{&quot;bt_bb_size_&quot;:{&quot;current_class&quot;:&quot;bt_bb_size_medium&quot;,&quot;xxl&quot;:&quot;medium&quot;},&quot;bt_bb_align_&quot;:{&quot;current_class&quot;:&quot;bt_bb_align_left&quot;,&quot;xxl&quot;:&quot;left&quot;}}\"><div class=\"bt_bb_headline_superheadline_outside\"><span class=\"bt_bb_headline_superheadline\"><span>\u0411\u0435\u0437\u043c\u0430c\u043b\u044f\u043d\u044b\u0435 \u041f\u043e\u0440\u0448\u043d\u0435\u0432\u043e\u0433\u043e \u0422\u0438\u043f\u0430 \u041a\u043e\u043c\u043f\u0440\u0435\u0441\u0441\u043e\u0440\u0430 0,4-1,5 kW \u043a\u0412\u0442<\/span><\/span><\/div><h4><span class=\"bt_bb_headline_content\"><span>\u0411\u0435\u0437\u043c\u0430c\u043b\u044f\u043d\u044b\u0435 \u041f\u043e\u0440\u0448\u043d\u0435\u0432\u043e\u0433\u043e \u0422\u0438\u043f\u0430 \u041a\u043e\u043c\u043f\u0440\u0435\u0441\u0441\u043e\u0440\u0430<span class=\"bt_bb_outline_text bt_bb_outline_text_align_center bt_bb_outline_text_size_400\"><span>Oil Free Piston Tip Compressors<\/span><\/span><\/span><\/span><\/h4><\/header><\/div><\/div><\/div><\/div><\/div><\/div><!-- cell_inner --><\/div><!-- cell --><\/div><!-- port --><\/section><section data-bb-version=\"4.8.5\" id=\"bt_bb_section69f4ff79d64d6\" class=\"bt_bb_section bt_bb_layout_wide bt_bb_vertical_align_top bt_bb_top_spacing_80 bt_bb_bottom_spacing_80 bt_bb_negative_margin_\" style=\";background-color:#f1f1f1;\" data-bt-override-class=\"{&quot;bt_bb_top_spacing_&quot;:{&quot;current_class&quot;:&quot;bt_bb_top_spacing_80&quot;,&quot;xxl&quot;:&quot;80&quot;,&quot;sm&quot;:&quot;none&quot;,&quot;xs&quot;:&quot;none&quot;},&quot;bt_bb_bottom_spacing_&quot;:{&quot;current_class&quot;:&quot;bt_bb_bottom_spacing_80&quot;,&quot;xxl&quot;:&quot;80&quot;},&quot;bt_bb_negative_margin_&quot;:{&quot;current_class&quot;:&quot;bt_bb_negative_margin_&quot;,&quot;xxl&quot;:&quot;&quot;}}\"><div class=\"bt_bb_port\"><div class=\"bt_bb_cell\"><div class=\"bt_bb_cell_inner\"><div data-bb-version=\"4.8.5\" class=\"bt_bb_row_wrapper bt_bb_row_push_right bt_bb_row_width_boxed_1200\"><div  class=\"bt_bb_row bt_bb_column_gap_40\"  data-bt-override-class=\"{}\"><div data-bb-version=\"4.8.5\"  class=\"bt_bb_column col-xxl-3 col-xl-3 col-xs-12 col-sm-12 col-md-12 col-lg-3 bt_bb_vertical_align_top bt_bb_align_left bt_bb_order_sm_2 bt_bb_order_xs_2 bt_bb_padding_20 bt_bb_animation_fade_in animate\"  data-width=\"3\" data-bt-override-class=\"{&quot;bt_bb_align_&quot;:{&quot;current_class&quot;:&quot;bt_bb_align_left&quot;,&quot;xxl&quot;:&quot;left&quot;},&quot;bt_bb_padding_&quot;:{&quot;current_class&quot;:&quot;bt_bb_padding_20&quot;,&quot;xxl&quot;:&quot;20&quot;}}\"><div class=\"bt_bb_column_content\"><div class=\"bt_bb_column_content_inner\"><header data-bb-version=\"4.8.5\" class=\"bt_bb_headline_with_icon diger_urunler_baslik bt_bb_subheadline bt_bb_size_inherit bt_bb_align_inherit bt_bb_icon_position_left\" data-bt-override-class=\"{&quot;bt_bb_size_&quot;:{&quot;current_class&quot;:&quot;bt_bb_size_inherit&quot;,&quot;xxl&quot;:&quot;inherit&quot;},&quot;bt_bb_align_&quot;:{&quot;current_class&quot;:&quot;bt_bb_align_inherit&quot;,&quot;xxl&quot;:&quot;inherit&quot;}}\"><span data-ico-amwerk=\"&#xe913;\" class=\"bt_bb_icon_holder\"><\/span><div class=\"bt_bb_headline_with_icon_content_holder\"><div class=\"bt_bb_headline_with_icon_subheadline\">\u0414\u0420\u0423\u0413\u0418\u0415 \u041f\u0420\u041e\u0414\u0423\u041a\u0422\u042b<\/div><\/div><\/header><div data-bb-version=\"4.8.5\" class=\"bt_bb_custom_menu bt_bb_direction_vertical bt_bb_font_weight_bold\"><div class=\"menu-urunler-ru-container\"><ul id=\"menu-urunler-ru\" class=\"menu\"><li id=\"menu-item-2035\" class=\"menu-item menu-item-type-post_type menu-item-object-page menu-item-2035\"><a href=\"https:\/\/espadabilisim.com\/komsan\/ru\/fixed-speed-screw-compressor-ru\/\">\u0412\u0438\u043d\u0442\u043e\u0432\u044b\u0435 \u043a\u043e\u043c\u043f\u0440\u0435\u0441\u0441\u043e\u0440\u044b<\/a><\/li>\n<li id=\"menu-item-2034\" class=\"menu-item menu-item-type-post_type menu-item-object-page menu-item-2034\"><a href=\"https:\/\/espadabilisim.com\/komsan\/ru\/inverter-compressor-en\/\">\u0412\u0438\u043d\u0442\u043e\u0432\u044b\u0435 \u043a\u043e\u043c\u043f\u0440\u0435\u0441\u0441\u043e\u0440\u044b \u0441 \u0438\u043d\u0432\u0435\u0440\u0442\u043e\u0440\u043e\u043c<\/a><\/li>\n<li id=\"menu-item-2033\" class=\"menu-item menu-item-type-post_type menu-item-object-page menu-item-2033\"><a href=\"https:\/\/espadabilisim.com\/komsan\/ru\/direct-drive-compressor-ru\/\">\u0412\u0438\u043d\u0442\u043e\u0432\u044b\u0435 \u043a\u043e\u043c\u043f\u0440\u0435\u0441\u0441\u043e\u0440\u044b \u0441 \u043f\u0440\u044f\u043c\u044b\u043c \u043f\u0440\u0438\u0432\u043e\u0434\u043e\u043c<\/a><\/li>\n<li id=\"menu-item-2032\" class=\"menu-item menu-item-type-post_type menu-item-object-page menu-item-2032\"><a href=\"https:\/\/espadabilisim.com\/komsan\/ru\/two-stage-rotary-air-compressors-ru\/\">\u0414\u0432\u0443\u0445\u0441\u0442\u0443\u043f\u0435\u043d\u0447\u0430\u0442\u044b\u0435 \u0440\u043e\u0442\u0430\u0446\u0438\u043e\u043d\u043d\u044b\u0435 \u0432\u043e\u0437\u0434\u0443\u0448\u043d\u044b\u0435 \u043a\u043e\u043c\u043f\u0440\u0435\u0441\u0441\u043e\u0440\u044b<\/a><\/li>\n<li id=\"menu-item-2031\" class=\"menu-item menu-item-type-post_type menu-item-object-page menu-item-2031\"><a href=\"https:\/\/espadabilisim.com\/komsan\/ru\/mount-on-rotary-screw-compressors-ru\/\">\u0412\u0438\u043d\u0442\u043e\u0432\u044b\u0435 \u043a\u043e\u043c\u043f\u0440\u0435\u0441\u0441\u043e\u0440\u044b \u043d\u0430 \u0440\u0435\u0441\u0438\u0432\u0435\u0440\u0435<\/a><\/li>\n<li id=\"menu-item-2030\" class=\"menu-item menu-item-type-post_type menu-item-object-page menu-item-2030\"><a href=\"https:\/\/espadabilisim.com\/komsan\/ru\/oil-free-scroll-compressor-ru\/\">\u0411\u0435\u0437\u043c\u0430\u0441\u043b\u044f\u043d\u044b\u0435 \u0412\u0438\u043d\u0442\u043e\u0432\u044b\u0435 \u041a\u043e\u043c\u043f\u0440\u0435\u0441\u0441\u043e\u0440\u044b<\/a><\/li>\n<li id=\"menu-item-2029\" class=\"menu-item menu-item-type-post_type menu-item-object-page menu-item-2029\"><a href=\"https:\/\/espadabilisim.com\/komsan\/ru\/oil-free-piston-tip-compressors-ru\/\">\u0411\u0435\u0437\u043c\u0430c\u043b\u044f\u043d\u044b\u0435 \u041f\u043e\u0440\u0448\u043d\u0435\u0432\u043e\u0433\u043e \u0422\u0438\u043f\u0430 \u041a\u043e\u043c\u043f\u0440\u0435\u0441\u0441\u043e\u0440\u0430<\/a><\/li>\n<li id=\"menu-item-2028\" class=\"menu-item menu-item-type-post_type menu-item-object-page menu-item-2028\"><a href=\"https:\/\/espadabilisim.com\/komsan\/ru\/refrigerated-air-dryers-ru\/\">\u0420\u0435\u0444\u0440\u0435\u0436\u0435\u0440\u0430\u0442\u043e\u0440\u043d\u044b\u0435 \u043e\u0441\u0443\u0448\u0438\u0442\u0435\u043b\u0438 \u0432\u043e\u0437\u0434\u0443\u0445\u0430<\/a><\/li>\n<li id=\"menu-item-2027\" class=\"menu-item menu-item-type-post_type menu-item-object-page menu-item-2027\"><a href=\"https:\/\/espadabilisim.com\/komsan\/ru\/absorbtion-air-dryers-ru\/\">\u0410\u0434\u0441\u043e\u0440\u0431\u0446\u0438\u043e\u043d\u043d\u044b\u0435 \u043e\u0441\u0443\u0448\u0438\u0442\u0435\u043b\u0438 \u0432\u043e\u0437\u0434\u0443\u0445\u0430<\/a><\/li>\n<li id=\"menu-item-2026\" class=\"menu-item menu-item-type-post_type menu-item-object-page menu-item-2026\"><a href=\"https:\/\/espadabilisim.com\/komsan\/ru\/air-filters-ru\/\">\u0412\u043e\u0437\u0434\u0443\u0448\u043d\u044b\u0435 \u0444\u0438\u043b\u044c\u0442\u0440\u044b<\/a><\/li>\n<li id=\"menu-item-2025\" class=\"menu-item menu-item-type-post_type menu-item-object-page menu-item-2025\"><a href=\"https:\/\/espadabilisim.com\/komsan\/ru\/air-tanks-ru\/\">\u0412\u043e\u0437\u0434\u0443\u0448\u043d\u044b\u0435 \u0440\u0435\u0437\u0435\u0440\u0432\u0443\u0430\u0440\u044b<\/a><\/li>\n<li id=\"menu-item-2024\" class=\"menu-item menu-item-type-post_type menu-item-object-page menu-item-2024\"><a href=\"https:\/\/espadabilisim.com\/komsan\/ru\/%d1%81%d0%b8%d1%81%d1%82%d0%b5%d0%bc%d1%8b-%d1%83%d0%bf%d1%80%d0%b0%d0%b2%d0%bb%d0%b5%d0%bd%d0%b8%d1%8f\/\">\u0421\u0438\u0441\u0442\u0435\u043c\u044b \u0443\u043f\u0440\u0430\u0432\u043b\u0435\u043d\u0438\u044f<\/a><\/li>\n<li id=\"menu-item-2023\" class=\"menu-item menu-item-type-post_type menu-item-object-page menu-item-2023\"><a href=\"https:\/\/espadabilisim.com\/komsan\/ru\/breathing-air-solutions-ru\/\">\u0420\u0435\u0448\u0435\u043d\u0438\u044f \u0434\u043b\u044f \u0432\u043e\u0437\u0434\u0443\u0445\u0430 \u0434\u043b\u044f \u0434\u044b\u0445\u0430\u043d\u0438\u044f<\/a><\/li>\n<li id=\"menu-item-2022\" class=\"menu-item menu-item-type-post_type menu-item-object-page menu-item-2022\"><a href=\"https:\/\/espadabilisim.com\/komsan\/ru\/nitrogen-generators-ru\/\">\u0413\u0435\u043d\u0435\u0440\u0430\u0442\u043e\u0440\u044b \u0430\u0437\u043e\u0442\u0430<\/a><\/li>\n<\/ul><\/div><\/div><\/div><\/div><\/div><div data-bb-version=\"4.8.5\"  class=\"bt_bb_column col-xxl-9 col-xl-9 col-xs-12 col-sm-12 col-md-12 col-lg-9 bt_bb_vertical_align_middle bt_bb_align_left bt_bb_padding_normal bt_bb_animation_fade_in animate\" style=\"margin-bottom:60px;\" data-width=\"9\" data-bt-override-class=\"{&quot;bt_bb_align_&quot;:{&quot;current_class&quot;:&quot;bt_bb_align_left&quot;,&quot;xxl&quot;:&quot;left&quot;},&quot;bt_bb_padding_&quot;:{&quot;current_class&quot;:&quot;bt_bb_padding_normal&quot;,&quot;xxl&quot;:&quot;normal&quot;}}\"><div class=\"bt_bb_column_content\"><div class=\"bt_bb_column_content_inner\"><div class=\"bt_bb_separator bt_bb_border_style_none bt_bb_bottom_spacing_80 bt_bb_hidden_md bt_bb_hidden_lg\" data-bt-override-class=\"null\"><\/div><header data-bb-version=\"4.8.5\" class=\"bt_bb_headline bt_bb_dash_top bt_bb_superheadline bt_bb_size_large bt_bb_align_inherit\" data-bt-override-class=\"{&quot;bt_bb_size_&quot;:{&quot;current_class&quot;:&quot;bt_bb_size_large&quot;,&quot;xxl&quot;:&quot;large&quot;},&quot;bt_bb_align_&quot;:{&quot;current_class&quot;:&quot;bt_bb_align_inherit&quot;,&quot;xxl&quot;:&quot;inherit&quot;}}\"><h1><span class=\"bt_bb_headline_superheadline\"><span>\u0411\u0435\u0437\u043c\u0430c\u043b\u044f\u043d\u044b\u0435 \u041f\u043e\u0440\u0448\u043d\u0435\u0432\u043e\u0433\u043e \u0422\u0438\u043f\u0430 \u041a\u043e\u043c\u043f\u0440\u0435\u0441\u0441\u043e\u0440\u0430 0,4-1,5 kW \u043a\u0412\u0442<\/span><\/span><\/h1><\/header><div class=\"bt_bb_separator bt_bb_border_style_none bt_bb_bottom_spacing_40\" data-bt-override-class=\"null\"><\/div><div data-bb-version=\"4.8.5\" class=\"bt_bb_slider urun_galeri bt_bb_height_keep-height bt_bb_multiple_slides bt_bb_multiple_slides bt_bb_animation_slide animate bt_bb_overflow_no bt_bb_thick_line_no bt_bb_active_dot_accent bt_bb_inactive_dot_light_font bt_bb_slider_arrows_dark_font_light_bg bt_bb_arrows_size_small\"><div class=\"slick-slider\"  data-slick='{ \"lazyLoad\": \"progressive\", \"cssEase\": \"ease-out\", \"speed\": \"300\", \"prevArrow\": \"&lt;button type=\\\"button\\\" class=\\\"slick-prev\\\" aria-label=\\\"Previous\\\" tabindex=\\\"0\\\" role=\\\"button\\\"&gt;&lt;\/button&gt;\", \"nextArrow\": \"&lt;button type=\\\"button\\\" class=\\\"slick-next\\\" aria-label=\\\"Next\\\" tabindex=\\\"0\\\" role=\\\"button\\\"&gt;&lt;\/button&gt;\",\"slidesToShow\": 3,\"slidesToShow\": 3, \"responsive\": [{ \"breakpoint\": 480, \"settings\": { \"slidesToShow\": 1, \"slidesToScroll\": 1 } },{ \"breakpoint\": 768, \"settings\": { \"slidesToShow\": 2, \"slidesToScroll\": 2 } },{ \"breakpoint\": 992, \"settings\": { \"slidesToShow\": 3, \"slidesToScroll\": 3 } },{ \"breakpoint\": 1200, \"settings\": { \"slidesToShow\": 3, \"slidesToScroll\": 3 } },{ \"breakpoint\": 1400, \"settings\": { \"slidesToShow\": 3, \"slidesToScroll\": 3 } }]}' ><div class=\"bt_bb_slider_item\" data-src-full=\"https:\/\/espadabilisim.com\/komsan\/wp-content\/uploads\/2024\/04\/yagsiz-pistonlu4.jpg\"><img decoding=\"async\" src=\"https:\/\/espadabilisim.com\/komsan\/wp-content\/uploads\/2024\/04\/yagsiz-pistonlu4.jpg\" alt=\"yagsiz-pistonlu4\"  title=\"yagsiz-pistonlu4\"><\/div><div class=\"bt_bb_slider_item\" data-src-full=\"https:\/\/espadabilisim.com\/komsan\/wp-content\/uploads\/2024\/04\/yagsiz-pistonlu3.jpg\"><img decoding=\"async\" src=\"https:\/\/espadabilisim.com\/komsan\/wp-content\/uploads\/2024\/04\/yagsiz-pistonlu3.jpg\" alt=\"yagsiz-pistonlu3\"  title=\"yagsiz-pistonlu3\"><\/div><div class=\"bt_bb_slider_item\" data-src-full=\"https:\/\/espadabilisim.com\/komsan\/wp-content\/uploads\/2024\/04\/yagsiz-pistonlu2.jpg\"><img decoding=\"async\" src=\"https:\/\/espadabilisim.com\/komsan\/wp-content\/uploads\/2024\/04\/yagsiz-pistonlu2.jpg\" alt=\"yagsiz-pistonlu2\"  title=\"yagsiz-pistonlu2\"><\/div><div class=\"bt_bb_slider_item\" data-src-full=\"https:\/\/espadabilisim.com\/komsan\/wp-content\/uploads\/2024\/04\/yagsiz-pistonlu1.jpg\"><img decoding=\"async\" src=\"https:\/\/espadabilisim.com\/komsan\/wp-content\/uploads\/2024\/04\/yagsiz-pistonlu1.jpg\" alt=\"yagsiz-pistonlu1\"  title=\"yagsiz-pistonlu1\"><\/div><\/div><\/div><div class=\"bt_bb_row_wrapper\"><div  class=\"bt_bb_row_inner\"  data-bt-override-class=\"{}\"><div  class=\"bt_bb_column_inner col-xxl-12 col-xl-12 col-xs-12 col-sm-12 col-md-12 col-lg-12 bt_bb_vertical_align_top bt_bb_align_left bt_bb_padding_normal\"  data-width=\"12\" data-bt-override-class=\"{}\"><div class=\"bt_bb_column_inner_content\"><div data-bb-version=\"4.8.5\"  class=\"bt_bb_text\" ><p><img loading=\"lazy\" decoding=\"async\" class=\"alignnone size-full wp-image-1858\" src=\"https:\/\/espadabilisim.com\/komsan\/wp-content\/uploads\/2024\/04\/oil-free-piston-en-table.jpg\" alt=\"\" width=\"682\" height=\"536\" srcset=\"https:\/\/espadabilisim.com\/komsan\/wp-content\/uploads\/2024\/04\/oil-free-piston-en-table.jpg 682w, https:\/\/espadabilisim.com\/komsan\/wp-content\/uploads\/2024\/04\/oil-free-piston-en-table-640x503.jpg 640w, https:\/\/espadabilisim.com\/komsan\/wp-content\/uploads\/2024\/04\/oil-free-piston-en-table-320x251.jpg 320w\" sizes=\"auto, (max-width: 682px) 100vw, 682px\" \/><\/p>\n<\/div><div class=\"bt_bb_separator bt_bb_border_style_none bt_bb_bottom_spacing_10 bt_bb_hidden_md bt_bb_hidden_lg\" data-bt-override-class=\"null\"><\/div><\/div><\/div><\/div><\/div><div class=\"bt_bb_separator bt_bb_border_style_solid bt_bb_top_spacing_40 bt_bb_bottom_spacing_40\" data-bt-override-class=\"null\"><\/div><div data-bb-version=\"4.8.5\" class=\"bt_bb_button bt_bb_color_scheme_6 bt_bb_icon_position_left bt_bb_style_filled bt_bb_size_normal bt_bb_width_inline bt_bb_shape_inherit bt_bb_target_self bt_bb_text_transform_inherit bt_bb_align_inherit\" style=\"; --primary-color:#ffffff; --secondary-color:#f07e12;\" data-bt-override-class=\"{&quot;bt_bb_size_&quot;:{&quot;current_class&quot;:&quot;bt_bb_size_normal&quot;,&quot;xxl&quot;:&quot;normal&quot;},&quot;bt_bb_align_&quot;:{&quot;current_class&quot;:&quot;bt_bb_align_inherit&quot;,&quot;xxl&quot;:&quot;inherit&quot;}}\"><a href=\"https:\/\/espadabilisim.com\/komsan\/iletisim\/\" target=\"_self\" class=\"bt_bb_link\" title=\"\u041f\u043e\u043b\u0443\u0447\u0438\u0442\u044c \u0446\u0435\u043d\u0443\"><span class=\"bt_bb_button_text\" >\u041f\u043e\u043b\u0443\u0447\u0438\u0442\u044c \u0446\u0435\u043d\u0443<\/span><\/a><\/div><\/div><\/div><\/div><\/div><\/div><\/div><!-- cell_inner --><\/div><!-- cell --><\/div><!-- port --><\/section>","protected":false},"excerpt":{"rendered":"<p>Sahada kendini kan\u0131tlam\u0131\u015f Vek Serisi; y\u00fcksek verimi ve ekonomiyi bir arada sunmaktad\u0131r. Yeni opsiyonel donan\u0131mlar\u0131 ile ihtiya\u00e7lar\u0131n\u0131za tam olarak cevap verir.<br \/>\n\u00dcr\u00fcn Gam\u0131 ve Teknik Veriler > Sayfa 6<\/p>\n","protected":false},"author":1,"featured_media":578,"parent":0,"menu_order":0,"comment_status":"closed","ping_status":"closed","template":"","meta":{"footnotes":""},"class_list":["post-1998","page","type-page","status-publish","has-post-thumbnail","hentry"],"_links":{"self":[{"href":"https:\/\/espadabilisim.com\/komsan\/wp-json\/wp\/v2\/pages\/1998","targetHints":{"allow":["GET"]}}],"collection":[{"href":"https:\/\/espadabilisim.com\/komsan\/wp-json\/wp\/v2\/pages"}],"about":[{"href":"https:\/\/espadabilisim.com\/komsan\/wp-json\/wp\/v2\/types\/page"}],"author":[{"embeddable":true,"href":"https:\/\/espadabilisim.com\/komsan\/wp-json\/wp\/v2\/users\/1"}],"replies":[{"embeddable":true,"href":"https:\/\/espadabilisim.com\/komsan\/wp-json\/wp\/v2\/comments?post=1998"}],"version-history":[{"count":2,"href":"https:\/\/espadabilisim.com\/komsan\/wp-json\/wp\/v2\/pages\/1998\/revisions"}],"predecessor-version":[{"id":2056,"href":"https:\/\/espadabilisim.com\/komsan\/wp-json\/wp\/v2\/pages\/1998\/revisions\/2056"}],"wp:featuredmedia":[{"embeddable":true,"href":"https:\/\/espadabilisim.com\/komsan\/wp-json\/wp\/v2\/media\/578"}],"wp:attachment":[{"href":"https:\/\/espadabilisim.com\/komsan\/wp-json\/wp\/v2\/media?parent=1998"}],"curies":[{"name":"wp","href":"https:\/\/api.w.org\/{rel}","templated":true}]}}