{"id":2128,"date":"2024-05-02T13:22:40","date_gmt":"2024-05-02T10:22:40","guid":{"rendered":"https:\/\/espadabilisim.com\/komsan\/?page_id=2128"},"modified":"2024-05-02T13:25:57","modified_gmt":"2024-05-02T10:25:57","slug":"sobre-nosotros","status":"publish","type":"page","link":"https:\/\/espadabilisim.com\/komsan\/es\/sobre-nosotros\/","title":{"rendered":"SOBRE NOSOTROS"},"content":{"rendered":"<section data-bb-version=\"4.8.5\" id=\"bt_bb_section69e4b0f39b521\" class=\"bt_bb_section bt_bb_layout_wide bt_bb_vertical_align_top bt_bb_top_spacing_60 bt_bb_bottom_spacing_100 bt_bb_negative_margin_\"  data-bt-override-class=\"{&quot;bt_bb_top_spacing_&quot;:{&quot;current_class&quot;:&quot;bt_bb_top_spacing_60&quot;,&quot;xxl&quot;:&quot;60&quot;},&quot;bt_bb_bottom_spacing_&quot;:{&quot;current_class&quot;:&quot;bt_bb_bottom_spacing_100&quot;,&quot;xxl&quot;:&quot;100&quot;},&quot;bt_bb_negative_margin_&quot;:{&quot;current_class&quot;:&quot;bt_bb_negative_margin_&quot;,&quot;xxl&quot;:&quot;&quot;}}\"><div class=\"bt_bb_port\"><div class=\"bt_bb_cell\"><div class=\"bt_bb_cell_inner\"><div class=\"bt_bb_row_wrapper bt_bb_row_push_right bt_bb_content_wide bt_bb_row_width_boxed_1200\"><div  class=\"bt_bb_row bt_bb_column_gap_40\"  data-bt-override-class=\"{}\"><div  class=\"bt_bb_column col-xxl-6 col-xl-6 bt_bb_vertical_align_middle bt_bb_align_left bt_bb_padding_normal bt_bb_animation_fade_in animate\"  data-width=\"6\" data-bt-override-class=\"{}\"><div class=\"bt_bb_column_content\"><div class=\"bt_bb_column_content_inner\"><header data-bb-version=\"4.8.5\" class=\"bt_bb_headline bt_bb_dash_top bt_bb_subheadline bt_bb_size_large bt_bb_align_inherit\" data-bt-override-class=\"{&quot;bt_bb_size_&quot;:{&quot;current_class&quot;:&quot;bt_bb_size_large&quot;,&quot;xxl&quot;:&quot;large&quot;},&quot;bt_bb_align_&quot;:{&quot;current_class&quot;:&quot;bt_bb_align_inherit&quot;,&quot;xxl&quot;:&quot;inherit&quot;}}\"><div class=\"bt_bb_headline_subheadline\">Los sistemas neum\u00e1ticos son ampliamente utilizados en la automatizaci\u00f3n, uno de los requisitos importantes de la industrializaci\u00f3n. Los sistemas neum\u00e1ticos pueden ser accionados por aire presurizado. Por esta raz\u00f3n, la producci\u00f3n de aire comprimido es de gran importancia para las industrias de los pa\u00edses desarrollados y en desarrollo.<br \/>\r\n<br \/>\r\nDesde el comienzo del proceso de industrializaci\u00f3n y desarrollo de nuestro pa\u00eds, los compresores de aire necesarios en la industria se han producido en visitar con la marca Komsan desde 1963. Por lo tanto, cuando se llama compresor Nativo, Komsan se convirti\u00f3 en la primera marca que viene a la mente.<br \/>\r\n<br \/>\r\nKomsan tambi\u00e9n se enorgullece de ser la primera marca de turqu\u00eda para ser exportados al extranjero. Komsan, la primera y \u00fanica marca dise\u00f1ada y fabricada en nuestro pa\u00eds, es una de las tantas marcas de compresores en el mundo con esta caracter\u00edstica.<br \/>\r\n<br \/>\r\nEl compresor AB, con su personal experimentado y experto, contin\u00faa todos los procesos a\u00f1adiendo la marca Komsan a su estructura.<br \/>\r\n<br \/>\r\nAtentamente.<\/div><\/header><div class=\"bt_bb_separator bt_bb_border_style_none bt_bb_bottom_spacing_40\" data-bt-override-class=\"null\"><\/div><\/div><\/div><\/div><div  class=\"bt_bb_column col-xxl-6 col-xl-6 bt_bb_vertical_align_top bt_bb_align_left bt_bb_padding_normal bt_bb_animation_fade_in animate\" style=\"position: relative;\" data-width=\"6\" data-bt-override-class=\"{}\"><div class=\"bt_bb_column_content\"><div class=\"bt_bb_column_content_inner\"><div data-bb-version=\"4.8.5\" class=\"bt_bb_image bt_bb_shape_square bt_bb_align_inherit bt_bb_hover_style_simple bt_bb_content_display_always bt_bb_content_align_middle bt_bb_remove_padding_yes bt_bb_fill_background_color_full\" style=\"max-width: 750px;\" data-bt-override-class=\"{&quot;bt_bb_align_&quot;:{&quot;current_class&quot;:&quot;bt_bb_align_inherit&quot;,&quot;xxl&quot;:&quot;inherit&quot;}}\"><span><img src = \"https:\/\/espadabilisim.com\/komsan\/wp-content\/plugins\/bold-page-builder\/img\/blank.gif\" data-full_image_src=\"https:\/\/espadabilisim.com\/komsan\/wp-content\/uploads\/2024\/04\/hakkimizda.jpg\" data-image_src=\"https:\/\/espadabilisim.com\/komsan\/wp-content\/uploads\/2024\/04\/hakkimizda.jpg\" title=\"hakkimizda\" alt=\"https:\/\/espadabilisim.com\/komsan\/wp-content\/uploads\/2024\/04\/hakkimizda.jpg\" class=\"btLazyLoadImage\"><\/span><\/div><div class=\"bt_bb_floating_element bt_bb_floating_element_horizontal_position_left bt_bb_floating_element_vertical_position_top bt_bb_floating_element_animation_delay_default bt_bb_floating_element_animation_duration_default bt_bb_floating_element_animation_style_ease_out\" style=\"mix-blend-mode: multiply; margin-left: 40px; margin-top: 2em;\" data-speed=\"1.0\"><div class=\"bt_bb_floating_element_html\" data-speed=\"1.0\"><span  style=\"width: 6em; height: 6em; transform: skewy(-30deg);background-color: rgba(222, 0, 44, 1);\"><\/span><\/div><\/div><\/div><\/div><\/div><\/div><\/div><\/div><!-- cell_inner --><\/div><!-- cell --><\/div><!-- port --><\/section>","protected":false},"excerpt":{"rendered":"","protected":false},"author":1,"featured_media":1032,"parent":0,"menu_order":0,"comment_status":"closed","ping_status":"closed","template":"","meta":{"footnotes":""},"class_list":["post-2128","page","type-page","status-publish","has-post-thumbnail","hentry"],"_links":{"self":[{"href":"https:\/\/espadabilisim.com\/komsan\/wp-json\/wp\/v2\/pages\/2128","targetHints":{"allow":["GET"]}}],"collection":[{"href":"https:\/\/espadabilisim.com\/komsan\/wp-json\/wp\/v2\/pages"}],"about":[{"href":"https:\/\/espadabilisim.com\/komsan\/wp-json\/wp\/v2\/types\/page"}],"author":[{"embeddable":true,"href":"https:\/\/espadabilisim.com\/komsan\/wp-json\/wp\/v2\/users\/1"}],"replies":[{"embeddable":true,"href":"https:\/\/espadabilisim.com\/komsan\/wp-json\/wp\/v2\/comments?post=2128"}],"version-history":[{"count":2,"href":"https:\/\/espadabilisim.com\/komsan\/wp-json\/wp\/v2\/pages\/2128\/revisions"}],"predecessor-version":[{"id":2136,"href":"https:\/\/espadabilisim.com\/komsan\/wp-json\/wp\/v2\/pages\/2128\/revisions\/2136"}],"wp:featuredmedia":[{"embeddable":true,"href":"https:\/\/espadabilisim.com\/komsan\/wp-json\/wp\/v2\/media\/1032"}],"wp:attachment":[{"href":"https:\/\/espadabilisim.com\/komsan\/wp-json\/wp\/v2\/media?parent=2128"}],"curies":[{"name":"wp","href":"https:\/\/api.w.org\/{rel}","templated":true}]}}