{"id":2163,"date":"2024-05-02T14:11:52","date_gmt":"2024-05-02T11:11:52","guid":{"rendered":"https:\/\/espadabilisim.com\/komsan\/?page_id=2163"},"modified":"2024-05-02T14:52:36","modified_gmt":"2024-05-02T11:52:36","slug":"sistemas-de-gestion","status":"publish","type":"page","link":"https:\/\/espadabilisim.com\/komsan\/es\/sistemas-de-gestion\/","title":{"rendered":"Sistemas de gesti\u00f3n"},"content":{"rendered":"<section data-bb-version=\"4.8.5\" id=\"bt_bb_section69e4b80e88f46\" class=\"bt_bb_section bt_bb_layout_wide bt_bb_vertical_align_top bt_bb_top_spacing_100 bt_bb_bottom_spacing_100 bt_bb_negative_margin_\" style=\"z-index: 1;background-position:right bottom;background-size:auto;\" data-bt-override-class=\"{&quot;bt_bb_top_spacing_&quot;:{&quot;current_class&quot;:&quot;bt_bb_top_spacing_100&quot;,&quot;xxl&quot;:&quot;100&quot;},&quot;bt_bb_bottom_spacing_&quot;:{&quot;current_class&quot;:&quot;bt_bb_bottom_spacing_100&quot;,&quot;xxl&quot;:&quot;100&quot;},&quot;bt_bb_negative_margin_&quot;:{&quot;current_class&quot;:&quot;bt_bb_negative_margin_&quot;,&quot;xxl&quot;:&quot;&quot;}}\"><div class=\"bt_bb_background_image_holder_wrapper\"><div class=\"bt_bb_background_image_holder btLazyLoadBackground\"  data-background_image_src=\"https:\/\/espadabilisim.com\/komsan\/wp-content\/uploads\/2024\/04\/slider-back.png\" data-parallax-zoom-start=\"1\" data-parallax-zoom-end=\"1\" data-parallax-blur-start=\"0\" data-parallax-blur-end=\"0\" data-parallax-opacity-start=\"1\" data-parallax-opacity-end=\"1\" style=\" background-image: url(&#039;https:\/\/espadabilisim.com\/komsan\/wp-content\/plugins\/bold-page-builder\/img\/blank.gif&#039;);\"><\/div><\/div><div class=\"bt_bb_port\"><div class=\"bt_bb_cell\"><div class=\"bt_bb_cell_inner\"><div class=\"bt_bb_row_wrapper bt_bb_row_push_right bt_bb_content_wide bt_bb_row_width_boxed_1200\"><div  class=\"bt_bb_row\"  data-bt-override-class=\"{}\"><div data-bb-version=\"4.8.5\"  class=\"bt_bb_column col-xxl-12 col-xl-12 col-xs-12 col-sm-12 col-md-12 col-lg-12 bt_bb_vertical_align_middle bt_bb_align_left bt_bb_padding_normal bt_bb_animation_fade_in bt_bb_animation_zoom_out animate\"  data-width=\"12\" data-bt-override-class=\"{&quot;bt_bb_align_&quot;:{&quot;current_class&quot;:&quot;bt_bb_align_left&quot;,&quot;xxl&quot;:&quot;left&quot;},&quot;bt_bb_padding_&quot;:{&quot;current_class&quot;:&quot;bt_bb_padding_normal&quot;,&quot;xxl&quot;:&quot;normal&quot;,&quot;lg&quot;:&quot;20&quot;,&quot;md&quot;:&quot;20&quot;,&quot;sm&quot;:&quot;20&quot;,&quot;xs&quot;:&quot;20&quot;}}\"><div class=\"bt_bb_column_content\"><div class=\"bt_bb_column_content_inner\"><div class=\"bt_bb_separator bt_bb_border_style_none bt_bb_bottom_spacing_60\" data-bt-override-class=\"null\"><\/div><header data-bb-version=\"4.8.5\" class=\"bt_bb_headline bt_bb_dash_top bt_bb_superheadline bt_bb_size_medium bt_bb_align_left\" data-bt-override-class=\"{&quot;bt_bb_size_&quot;:{&quot;current_class&quot;:&quot;bt_bb_size_medium&quot;,&quot;xxl&quot;:&quot;medium&quot;},&quot;bt_bb_align_&quot;:{&quot;current_class&quot;:&quot;bt_bb_align_left&quot;,&quot;xxl&quot;:&quot;left&quot;}}\"><div class=\"bt_bb_headline_superheadline_outside\"><span class=\"bt_bb_headline_superheadline\"><span>Sistemas de gesti\u00f3n Komsan<\/span><\/span><\/div><h4><span class=\"bt_bb_headline_content\"><span>Sistemas de gesti\u00f3n<span class=\"bt_bb_outline_text bt_bb_outline_text_align_center bt_bb_outline_text_size_400\"><span>Management Systems<\/span><\/span><\/span><\/span><\/h4><\/header><\/div><\/div><\/div><\/div><\/div><\/div><!-- cell_inner --><\/div><!-- cell --><\/div><!-- port --><\/section><section data-bb-version=\"4.8.5\" id=\"bt_bb_section69e4b80e892d2\" class=\"bt_bb_section bt_bb_layout_wide bt_bb_vertical_align_top bt_bb_top_spacing_80 bt_bb_bottom_spacing_80 bt_bb_negative_margin_\" style=\";background-color:#f1f1f1;\" data-bt-override-class=\"{&quot;bt_bb_top_spacing_&quot;:{&quot;current_class&quot;:&quot;bt_bb_top_spacing_80&quot;,&quot;xxl&quot;:&quot;80&quot;,&quot;sm&quot;:&quot;none&quot;,&quot;xs&quot;:&quot;none&quot;},&quot;bt_bb_bottom_spacing_&quot;:{&quot;current_class&quot;:&quot;bt_bb_bottom_spacing_80&quot;,&quot;xxl&quot;:&quot;80&quot;},&quot;bt_bb_negative_margin_&quot;:{&quot;current_class&quot;:&quot;bt_bb_negative_margin_&quot;,&quot;xxl&quot;:&quot;&quot;}}\"><div class=\"bt_bb_port\"><div class=\"bt_bb_cell\"><div class=\"bt_bb_cell_inner\"><div data-bb-version=\"4.8.5\" class=\"bt_bb_row_wrapper bt_bb_row_push_right bt_bb_row_width_boxed_1200\"><div  class=\"bt_bb_row bt_bb_column_gap_40\"  data-bt-override-class=\"{}\"><div data-bb-version=\"4.8.5\"  class=\"bt_bb_column col-xxl-3 col-xl-3 col-xs-12 col-sm-12 col-md-12 col-lg-3 bt_bb_vertical_align_top bt_bb_align_left bt_bb_order_sm_2 bt_bb_order_xs_2 bt_bb_padding_20 bt_bb_animation_fade_in animate\"  data-width=\"3\" data-bt-override-class=\"{&quot;bt_bb_align_&quot;:{&quot;current_class&quot;:&quot;bt_bb_align_left&quot;,&quot;xxl&quot;:&quot;left&quot;},&quot;bt_bb_padding_&quot;:{&quot;current_class&quot;:&quot;bt_bb_padding_20&quot;,&quot;xxl&quot;:&quot;20&quot;}}\"><div class=\"bt_bb_column_content\"><div class=\"bt_bb_column_content_inner\"><header data-bb-version=\"4.8.5\" class=\"bt_bb_headline_with_icon diger_urunler_baslik bt_bb_subheadline bt_bb_size_inherit bt_bb_align_inherit bt_bb_icon_position_left\" data-bt-override-class=\"{&quot;bt_bb_size_&quot;:{&quot;current_class&quot;:&quot;bt_bb_size_inherit&quot;,&quot;xxl&quot;:&quot;inherit&quot;},&quot;bt_bb_align_&quot;:{&quot;current_class&quot;:&quot;bt_bb_align_inherit&quot;,&quot;xxl&quot;:&quot;inherit&quot;}}\"><span data-ico-amwerk=\"&#xe913;\" class=\"bt_bb_icon_holder\"><\/span><div class=\"bt_bb_headline_with_icon_content_holder\"><div class=\"bt_bb_headline_with_icon_subheadline\">OTROS PRODUCTOS<\/div><\/div><\/header><div data-bb-version=\"4.8.5\" class=\"bt_bb_custom_menu bt_bb_direction_vertical bt_bb_font_weight_bold\"><div class=\"menu-urunler-es-container\"><ul id=\"menu-urunler-es\" class=\"menu\"><li id=\"menu-item-2193\" class=\"menu-item menu-item-type-post_type menu-item-object-page menu-item-2193\"><a href=\"https:\/\/espadabilisim.com\/komsan\/es\/compresor-de-tornillo-de-velocidad-fija\/\">Compresor de tornillo de velocidad fija<\/a><\/li>\n<li id=\"menu-item-2192\" class=\"menu-item menu-item-type-post_type menu-item-object-page menu-item-2192\"><a href=\"https:\/\/espadabilisim.com\/komsan\/es\/compresor-inversor\/\">Compresor inversor<\/a><\/li>\n<li id=\"menu-item-2191\" class=\"menu-item menu-item-type-post_type menu-item-object-page menu-item-2191\"><a href=\"https:\/\/espadabilisim.com\/komsan\/es\/compresor-de-accionamiento-directo\/\">Compresor de accionamiento directo<\/a><\/li>\n<li id=\"menu-item-2190\" class=\"menu-item menu-item-type-post_type menu-item-object-page menu-item-2190\"><a href=\"https:\/\/espadabilisim.com\/komsan\/es\/compresores-de-aire-rotativos-de-dos-etapas\/\">Compresores de aire rotativos de dos etapas<\/a><\/li>\n<li id=\"menu-item-2189\" class=\"menu-item menu-item-type-post_type menu-item-object-page menu-item-2189\"><a href=\"https:\/\/espadabilisim.com\/komsan\/es\/montaje-en-compresores-de-tornillo-rotativo\/\">Montaje en compresores de tornillo rotativo<\/a><\/li>\n<li id=\"menu-item-2188\" class=\"menu-item menu-item-type-post_type menu-item-object-page menu-item-2188\"><a href=\"https:\/\/espadabilisim.com\/komsan\/es\/compresor-scroll-sin-aceite\/\">Compresor Scroll sin aceite<\/a><\/li>\n<li id=\"menu-item-2187\" class=\"menu-item menu-item-type-post_type menu-item-object-page menu-item-2187\"><a href=\"https:\/\/espadabilisim.com\/komsan\/es\/compresores-de-punta-de-piston-sin-aceite\/\">Compresores de punta de pist\u00f3n sin aceite<\/a><\/li>\n<li id=\"menu-item-2186\" class=\"menu-item menu-item-type-post_type menu-item-object-page menu-item-2186\"><a href=\"https:\/\/espadabilisim.com\/komsan\/es\/secadores-de-aire-refrigerados\/\">Secadores de aire refrigerados<\/a><\/li>\n<li id=\"menu-item-2185\" class=\"menu-item menu-item-type-post_type menu-item-object-page menu-item-2185\"><a href=\"https:\/\/espadabilisim.com\/komsan\/es\/secadores-de-aire-por-adsorcion\/\">Secadores de aire por adsorci\u00f3n<\/a><\/li>\n<li id=\"menu-item-2184\" class=\"menu-item menu-item-type-post_type menu-item-object-page menu-item-2184\"><a href=\"https:\/\/espadabilisim.com\/komsan\/es\/filtros-de-aire\/\">Filtros de aire<\/a><\/li>\n<li id=\"menu-item-2183\" class=\"menu-item menu-item-type-post_type menu-item-object-page menu-item-2183\"><a href=\"https:\/\/espadabilisim.com\/komsan\/es\/tanques-de-aire\/\">Tanques de aire<\/a><\/li>\n<li id=\"menu-item-2182\" class=\"menu-item menu-item-type-post_type menu-item-object-page menu-item-2182\"><a href=\"https:\/\/espadabilisim.com\/komsan\/es\/sistemas-de-gestion\/\">Sistemas de gesti\u00f3n<\/a><\/li>\n<li id=\"menu-item-2181\" class=\"menu-item menu-item-type-post_type menu-item-object-page menu-item-2181\"><a href=\"https:\/\/espadabilisim.com\/komsan\/es\/soluciones-de-aire-respirable\/\">Soluciones de aire respirable<\/a><\/li>\n<li id=\"menu-item-2180\" class=\"menu-item menu-item-type-post_type menu-item-object-page menu-item-2180\"><a href=\"https:\/\/espadabilisim.com\/komsan\/es\/generadores-de-nitrogeno\/\">Generadores de nitr\u00f3geno<\/a><\/li>\n<\/ul><\/div><\/div><\/div><\/div><\/div><div data-bb-version=\"4.8.5\"  class=\"bt_bb_column col-xxl-9 col-xl-9 col-xs-12 col-sm-12 col-md-12 col-lg-9 bt_bb_vertical_align_middle bt_bb_align_left bt_bb_padding_normal bt_bb_animation_fade_in animate\" style=\"margin-bottom:60px;\" data-width=\"9\" data-bt-override-class=\"{&quot;bt_bb_align_&quot;:{&quot;current_class&quot;:&quot;bt_bb_align_left&quot;,&quot;xxl&quot;:&quot;left&quot;},&quot;bt_bb_padding_&quot;:{&quot;current_class&quot;:&quot;bt_bb_padding_normal&quot;,&quot;xxl&quot;:&quot;normal&quot;}}\"><div class=\"bt_bb_column_content\"><div class=\"bt_bb_column_content_inner\"><div class=\"bt_bb_separator bt_bb_border_style_none bt_bb_bottom_spacing_80 bt_bb_hidden_md bt_bb_hidden_lg\" data-bt-override-class=\"null\"><\/div><header data-bb-version=\"4.8.5\" class=\"bt_bb_headline bt_bb_dash_top bt_bb_superheadline bt_bb_size_large bt_bb_align_inherit\" data-bt-override-class=\"{&quot;bt_bb_size_&quot;:{&quot;current_class&quot;:&quot;bt_bb_size_large&quot;,&quot;xxl&quot;:&quot;large&quot;},&quot;bt_bb_align_&quot;:{&quot;current_class&quot;:&quot;bt_bb_align_inherit&quot;,&quot;xxl&quot;:&quot;inherit&quot;}}\"><h1><span class=\"bt_bb_headline_superheadline\"><span>Sistemas de gesti\u00f3n<\/span><\/span><\/h1><\/header><div class=\"bt_bb_separator bt_bb_border_style_none bt_bb_bottom_spacing_40\" data-bt-override-class=\"null\"><\/div><div data-bb-version=\"4.8.5\" class=\"bt_bb_image bt_bb_shape_square bt_bb_align_inherit bt_bb_hover_style_simple bt_bb_content_display_always bt_bb_content_align_middle bt_bb_remove_padding_yes bt_bb_fill_background_color_full\" data-bt-override-class=\"{&quot;bt_bb_align_&quot;:{&quot;current_class&quot;:&quot;bt_bb_align_inherit&quot;,&quot;xxl&quot;:&quot;inherit&quot;}}\"><span><img src = \"https:\/\/espadabilisim.com\/komsan\/wp-content\/plugins\/bold-page-builder\/img\/blank.gif\" data-full_image_src=\"https:\/\/espadabilisim.com\/komsan\/wp-content\/uploads\/2024\/04\/air_man.jpg\" data-image_src=\"https:\/\/espadabilisim.com\/komsan\/wp-content\/uploads\/2024\/04\/air_man.jpg\" title=\"air_man\" alt=\"https:\/\/espadabilisim.com\/komsan\/wp-content\/uploads\/2024\/04\/air_man.jpg\" class=\"btLazyLoadImage\"><\/span><\/div><div class=\"bt_bb_separator bt_bb_border_style_none bt_bb_bottom_spacing_40\" data-bt-override-class=\"null\"><\/div><div class=\"bt_bb_row_wrapper\"><div  class=\"bt_bb_row_inner\"  data-bt-override-class=\"{}\"><div  class=\"bt_bb_column_inner col-xxl-12 col-xl-12 col-xs-12 col-sm-12 col-md-12 col-lg-12 bt_bb_vertical_align_top bt_bb_align_left bt_bb_padding_normal\"  data-width=\"12\" data-bt-override-class=\"{}\"><div class=\"bt_bb_column_inner_content\"><div data-bb-version=\"4.8.5\"  class=\"bt_bb_text\" ><p><strong>Descripci\u00f3n general del producto:<\/strong> A medida que la demanda de aire comprimido fluct\u00faa y la presi\u00f3n del sistema disminuye o aumenta en respuesta a esa demanda, estos sistemas de gesti\u00f3n de compresores garantizan que los compresores de todo el sitio y los equipos de aire comprimido auxiliares se aprovechen como uno solo para obtener un equilibrio donde la eficiencia, la utilizaci\u00f3n del equipo y La presi\u00f3n del sistema est\u00e1 en perfecto equilibrio. En los sistemas de aire comprimido no gestionados, ese equilibrio representa una importante oportunidad de ahorro de costes energ\u00e9ticos. Su modo de funcionamiento general se puede modificar mediante una serie de par\u00e1metros ajustables que permiten que su estrategia de control se alinee con\/optimice los equipos de aire comprimido disponibles.<\/p>\n<\/div><div class=\"bt_bb_separator bt_bb_border_style_none bt_bb_bottom_spacing_10 bt_bb_hidden_md bt_bb_hidden_lg\" data-bt-override-class=\"null\"><\/div><\/div><\/div><\/div><\/div><div class=\"bt_bb_separator bt_bb_border_style_solid bt_bb_top_spacing_40 bt_bb_bottom_spacing_40\" data-bt-override-class=\"null\"><\/div><div data-bb-version=\"4.8.5\" class=\"bt_bb_button bt_bb_color_scheme_6 bt_bb_icon_position_left bt_bb_style_filled bt_bb_size_normal bt_bb_width_inline bt_bb_shape_inherit bt_bb_target_self bt_bb_text_transform_inherit bt_bb_align_inherit\" style=\"; --primary-color:#ffffff; --secondary-color:#f07e12;\" data-bt-override-class=\"{&quot;bt_bb_size_&quot;:{&quot;current_class&quot;:&quot;bt_bb_size_normal&quot;,&quot;xxl&quot;:&quot;normal&quot;},&quot;bt_bb_align_&quot;:{&quot;current_class&quot;:&quot;bt_bb_align_inherit&quot;,&quot;xxl&quot;:&quot;inherit&quot;}}\"><a href=\"https:\/\/espadabilisim.com\/komsan\/iletisim\/\" target=\"_self\" class=\"bt_bb_link\" title=\"Obtenga una cotizaci\u00f3n ahora\"><span class=\"bt_bb_button_text\" >Obtenga una cotizaci\u00f3n ahora<\/span><\/a><\/div><\/div><\/div><\/div><\/div><\/div><\/div><!-- cell_inner --><\/div><!-- cell --><\/div><!-- port --><\/section>","protected":false},"excerpt":{"rendered":"","protected":false},"author":1,"featured_media":578,"parent":0,"menu_order":0,"comment_status":"closed","ping_status":"closed","template":"","meta":{"footnotes":""},"class_list":["post-2163","page","type-page","status-publish","has-post-thumbnail","hentry"],"_links":{"self":[{"href":"https:\/\/espadabilisim.com\/komsan\/wp-json\/wp\/v2\/pages\/2163","targetHints":{"allow":["GET"]}}],"collection":[{"href":"https:\/\/espadabilisim.com\/komsan\/wp-json\/wp\/v2\/pages"}],"about":[{"href":"https:\/\/espadabilisim.com\/komsan\/wp-json\/wp\/v2\/types\/page"}],"author":[{"embeddable":true,"href":"https:\/\/espadabilisim.com\/komsan\/wp-json\/wp\/v2\/users\/1"}],"replies":[{"embeddable":true,"href":"https:\/\/espadabilisim.com\/komsan\/wp-json\/wp\/v2\/comments?post=2163"}],"version-history":[{"count":3,"href":"https:\/\/espadabilisim.com\/komsan\/wp-json\/wp\/v2\/pages\/2163\/revisions"}],"predecessor-version":[{"id":2221,"href":"https:\/\/espadabilisim.com\/komsan\/wp-json\/wp\/v2\/pages\/2163\/revisions\/2221"}],"wp:featuredmedia":[{"embeddable":true,"href":"https:\/\/espadabilisim.com\/komsan\/wp-json\/wp\/v2\/media\/578"}],"wp:attachment":[{"href":"https:\/\/espadabilisim.com\/komsan\/wp-json\/wp\/v2\/media?parent=2163"}],"curies":[{"name":"wp","href":"https:\/\/api.w.org\/{rel}","templated":true}]}}