{"id":2287,"date":"2024-05-05T16:13:52","date_gmt":"2024-05-05T13:13:52","guid":{"rendered":"https:\/\/espadabilisim.com\/komsan\/?page_id=2287"},"modified":"2024-05-05T20:18:07","modified_gmt":"2024-05-05T17:18:07","slug":"%d8%ac%d8%a8%d9%84-%d8%b9%d9%84%d9%89-%d8%a7%d9%84%d8%b6%d9%88%d8%a7%d8%ba%d8%b7-%d8%a7%d9%84%d9%84%d9%88%d9%84%d8%a8%d9%8a%d8%a9-%d8%a7%d9%84%d8%af%d9%88%d8%a7%d8%b1%d8%a9","status":"publish","type":"page","link":"https:\/\/espadabilisim.com\/komsan\/ar\/%d8%ac%d8%a8%d9%84-%d8%b9%d9%84%d9%89-%d8%a7%d9%84%d8%b6%d9%88%d8%a7%d8%ba%d8%b7-%d8%a7%d9%84%d9%84%d9%88%d9%84%d8%a8%d9%8a%d8%a9-%d8%a7%d9%84%d8%af%d9%88%d8%a7%d8%b1%d8%a9\/","title":{"rendered":"\u062c\u0628\u0644 \u0639\u0644\u0649 \u0627\u0644\u0636\u0648\u0627\u063a\u0637 \u0627\u0644\u0644\u0648\u0644\u0628\u064a\u0629 \u0627\u0644\u062f\u0648\u0627\u0631\u0629"},"content":{"rendered":"<section data-bb-version=\"4.8.5\" id=\"bt_bb_section69e6048d00bcf\" class=\"bt_bb_section bt_bb_layout_wide bt_bb_vertical_align_top bt_bb_top_spacing_100 bt_bb_bottom_spacing_100 bt_bb_negative_margin_\" style=\"z-index: 1;background-position:right bottom;background-size:auto;\" data-bt-override-class=\"{&quot;bt_bb_top_spacing_&quot;:{&quot;current_class&quot;:&quot;bt_bb_top_spacing_100&quot;,&quot;xxl&quot;:&quot;100&quot;},&quot;bt_bb_bottom_spacing_&quot;:{&quot;current_class&quot;:&quot;bt_bb_bottom_spacing_100&quot;,&quot;xxl&quot;:&quot;100&quot;},&quot;bt_bb_negative_margin_&quot;:{&quot;current_class&quot;:&quot;bt_bb_negative_margin_&quot;,&quot;xxl&quot;:&quot;&quot;}}\"><div class=\"bt_bb_background_image_holder_wrapper\"><div class=\"bt_bb_background_image_holder btLazyLoadBackground\"  data-background_image_src=\"https:\/\/espadabilisim.com\/komsan\/wp-content\/uploads\/2024\/04\/slider-back.png\" data-parallax-zoom-start=\"1\" data-parallax-zoom-end=\"1\" data-parallax-blur-start=\"0\" data-parallax-blur-end=\"0\" data-parallax-opacity-start=\"1\" data-parallax-opacity-end=\"1\" style=\" background-image: url(&#039;https:\/\/espadabilisim.com\/komsan\/wp-content\/plugins\/bold-page-builder\/img\/blank.gif&#039;);\"><\/div><\/div><div class=\"bt_bb_port\"><div class=\"bt_bb_cell\"><div class=\"bt_bb_cell_inner\"><div class=\"bt_bb_row_wrapper bt_bb_row_push_right bt_bb_content_wide bt_bb_row_width_boxed_1200\"><div  class=\"bt_bb_row\"  data-bt-override-class=\"{}\"><div data-bb-version=\"4.8.5\"  class=\"bt_bb_column col-xxl-12 col-xl-12 col-xs-12 col-sm-12 col-md-12 col-lg-12 bt_bb_vertical_align_middle bt_bb_align_left bt_bb_padding_normal bt_bb_animation_fade_in bt_bb_animation_zoom_out animate\"  data-width=\"12\" data-bt-override-class=\"{&quot;bt_bb_align_&quot;:{&quot;current_class&quot;:&quot;bt_bb_align_left&quot;,&quot;xxl&quot;:&quot;left&quot;},&quot;bt_bb_padding_&quot;:{&quot;current_class&quot;:&quot;bt_bb_padding_normal&quot;,&quot;xxl&quot;:&quot;normal&quot;,&quot;lg&quot;:&quot;20&quot;,&quot;md&quot;:&quot;20&quot;,&quot;sm&quot;:&quot;20&quot;,&quot;xs&quot;:&quot;20&quot;}}\"><div class=\"bt_bb_column_content\"><div class=\"bt_bb_column_content_inner\"><div class=\"bt_bb_separator bt_bb_border_style_none bt_bb_bottom_spacing_60\" data-bt-override-class=\"null\"><\/div><header data-bb-version=\"4.8.5\" class=\"bt_bb_headline bt_bb_dash_top bt_bb_superheadline bt_bb_size_medium bt_bb_align_right\" data-bt-override-class=\"{&quot;bt_bb_size_&quot;:{&quot;current_class&quot;:&quot;bt_bb_size_medium&quot;,&quot;xxl&quot;:&quot;medium&quot;},&quot;bt_bb_align_&quot;:{&quot;current_class&quot;:&quot;bt_bb_align_right&quot;,&quot;xxl&quot;:&quot;right&quot;}}\"><div class=\"bt_bb_headline_superheadline_outside\"><span class=\"bt_bb_headline_superheadline\"><span>\u064a\u062a\u0645 \u0627\u0644\u062a\u0631\u0643\u064a\u0628 \u0639\u0644\u0649 \u0627\u0644\u062e\u0632\u0627\u0646 \u0628\u064a\u0646 2.2 \u0643\u064a\u0644\u0648 \u0648\u0627\u062a - 15 \u0643\u064a\u0644\u0648 \u0648\u0627\u062a<\/span><\/span><\/div><h4><span class=\"bt_bb_headline_content\"><span>\u062c\u0628\u0644 \u0639\u0644\u0649 \u0627\u0644\u0636\u0648\u0627\u063a\u0637 \u0627\u0644\u0644\u0648\u0644\u0628\u064a\u0629 \u0627\u0644\u062f\u0648\u0627\u0631\u0629<span class=\"bt_bb_outline_text bt_bb_outline_text_align_center bt_bb_outline_text_size_400\"><span>Mount on Rotary Screw Compressors<\/span><\/span><\/span><\/span><\/h4><\/header><\/div><\/div><\/div><\/div><\/div><\/div><!-- cell_inner --><\/div><!-- cell --><\/div><!-- port --><\/section><section data-bb-version=\"4.8.5\" id=\"bt_bb_section69e6048d00e61\" class=\"bt_bb_section bt_bb_layout_wide bt_bb_vertical_align_top bt_bb_top_spacing_80 bt_bb_bottom_spacing_80 bt_bb_negative_margin_\" style=\";background-color:#f1f1f1;\" data-bt-override-class=\"{&quot;bt_bb_top_spacing_&quot;:{&quot;current_class&quot;:&quot;bt_bb_top_spacing_80&quot;,&quot;xxl&quot;:&quot;80&quot;,&quot;sm&quot;:&quot;none&quot;,&quot;xs&quot;:&quot;none&quot;},&quot;bt_bb_bottom_spacing_&quot;:{&quot;current_class&quot;:&quot;bt_bb_bottom_spacing_80&quot;,&quot;xxl&quot;:&quot;80&quot;},&quot;bt_bb_negative_margin_&quot;:{&quot;current_class&quot;:&quot;bt_bb_negative_margin_&quot;,&quot;xxl&quot;:&quot;&quot;}}\"><div class=\"bt_bb_port\"><div class=\"bt_bb_cell\"><div class=\"bt_bb_cell_inner\"><div data-bb-version=\"4.8.5\" class=\"bt_bb_row_wrapper bt_bb_row_push_right bt_bb_row_width_boxed_1200\"><div  class=\"bt_bb_row bt_bb_column_gap_40\"  data-bt-override-class=\"{}\"><div data-bb-version=\"4.8.5\"  class=\"bt_bb_column col-xxl-3 col-xl-3 col-xs-12 col-sm-12 col-md-12 col-lg-3 bt_bb_vertical_align_top bt_bb_align_left bt_bb_order_sm_2 bt_bb_order_xs_2 bt_bb_padding_20 bt_bb_animation_fade_in animate\"  data-width=\"3\" data-bt-override-class=\"{&quot;bt_bb_align_&quot;:{&quot;current_class&quot;:&quot;bt_bb_align_left&quot;,&quot;xxl&quot;:&quot;left&quot;},&quot;bt_bb_padding_&quot;:{&quot;current_class&quot;:&quot;bt_bb_padding_20&quot;,&quot;xxl&quot;:&quot;20&quot;}}\"><div class=\"bt_bb_column_content\"><div class=\"bt_bb_column_content_inner\"><header data-bb-version=\"4.8.5\" class=\"bt_bb_headline_with_icon diger_urunler_baslik bt_bb_subheadline bt_bb_size_inherit bt_bb_align_inherit bt_bb_icon_position_left\" data-bt-override-class=\"{&quot;bt_bb_size_&quot;:{&quot;current_class&quot;:&quot;bt_bb_size_inherit&quot;,&quot;xxl&quot;:&quot;inherit&quot;},&quot;bt_bb_align_&quot;:{&quot;current_class&quot;:&quot;bt_bb_align_inherit&quot;,&quot;xxl&quot;:&quot;inherit&quot;}}\"><span data-ico-amwerk=\"&#xe913;\" class=\"bt_bb_icon_holder\"><\/span><div class=\"bt_bb_headline_with_icon_content_holder\"><div class=\"bt_bb_headline_with_icon_subheadline\">\u0645\u0646\u062a\u062c\u0627\u062a \u0627\u062e\u0631\u0649<\/div><\/div><\/header><div data-bb-version=\"4.8.5\" class=\"bt_bb_custom_menu bt_bb_direction_vertical bt_bb_font_weight_bold\"><div class=\"menu-urunler-ar-container\"><ul id=\"menu-urunler-ar\" class=\"menu\"><li id=\"menu-item-2312\" class=\"menu-item menu-item-type-post_type menu-item-object-page menu-item-2312\"><a href=\"https:\/\/espadabilisim.com\/komsan\/ar\/%d8%b6%d8%a7%d8%ba%d8%b7-%d9%84%d9%88%d9%84%d8%a8%d9%8a-%d8%b0%d9%88-%d8%b3%d8%b1%d8%b9%d8%a9-%d8%ab%d8%a7%d8%a8%d8%aa%d8%a9\/\">\u0636\u0627\u063a\u0637 \u0644\u0648\u0644\u0628\u064a \u0630\u0648 \u0633\u0631\u0639\u0629 \u062b\u0627\u0628\u062a\u0629<\/a><\/li>\n<li id=\"menu-item-2313\" class=\"menu-item menu-item-type-post_type menu-item-object-page menu-item-2313\"><a href=\"https:\/\/espadabilisim.com\/komsan\/ar\/%d8%b6%d8%a7%d8%ba%d8%b7-%d8%b9%d8%a7%d9%83%d8%b3\/\">\u0636\u0627\u063a\u0637 \u0639\u0627\u0643\u0633<\/a><\/li>\n<li id=\"menu-item-2314\" class=\"menu-item menu-item-type-post_type menu-item-object-page menu-item-2314\"><a href=\"https:\/\/espadabilisim.com\/komsan\/ar\/%d8%b6%d8%a7%d8%ba%d8%b7-%d8%a7%d9%84%d8%af%d9%81%d8%b9-%d8%a7%d9%84%d9%85%d8%a8%d8%a7%d8%b4%d8%b1\/\">\u0636\u0627\u063a\u0637 \u0627\u0644\u062f\u0641\u0639 \u0627\u0644\u0645\u0628\u0627\u0634\u0631<\/a><\/li>\n<li id=\"menu-item-2315\" class=\"menu-item menu-item-type-post_type menu-item-object-page menu-item-2315\"><a href=\"https:\/\/espadabilisim.com\/komsan\/ar\/%d8%b6%d9%88%d8%a7%d8%ba%d8%b7-%d8%a7%d9%84%d9%87%d9%88%d8%a7%d8%a1-%d8%a7%d9%84%d8%af%d9%88%d8%a7%d8%b1%d8%a9-%d8%b0%d8%a7%d8%aa-%d9%85%d8%b1%d8%ad%d9%84%d8%aa%d9%8a%d9%86\/\">\u0636\u0648\u0627\u063a\u0637 \u0627\u0644\u0647\u0648\u0627\u0621 \u0627\u0644\u062f\u0648\u0627\u0631\u0629 \u0630\u0627\u062a \u0645\u0631\u062d\u0644\u062a\u064a\u0646<\/a><\/li>\n<li id=\"menu-item-2316\" class=\"menu-item menu-item-type-post_type menu-item-object-page menu-item-2316\"><a href=\"https:\/\/espadabilisim.com\/komsan\/ar\/%d8%ac%d8%a8%d9%84-%d8%b9%d9%84%d9%89-%d8%a7%d9%84%d8%b6%d9%88%d8%a7%d8%ba%d8%b7-%d8%a7%d9%84%d9%84%d9%88%d9%84%d8%a8%d9%8a%d8%a9-%d8%a7%d9%84%d8%af%d9%88%d8%a7%d8%b1%d8%a9\/\">\u062c\u0628\u0644 \u0639\u0644\u0649 \u0627\u0644\u0636\u0648\u0627\u063a\u0637 \u0627\u0644\u0644\u0648\u0644\u0628\u064a\u0629 \u0627\u0644\u062f\u0648\u0627\u0631\u0629<\/a><\/li>\n<li id=\"menu-item-2317\" class=\"menu-item menu-item-type-post_type menu-item-object-page menu-item-2317\"><a href=\"https:\/\/espadabilisim.com\/komsan\/ar\/%d8%b6%d8%a7%d8%ba%d8%b7-%d8%a7%d9%84%d8%aa%d9%85%d8%b1%d9%8a%d8%b1-%d8%a7%d9%84%d8%ae%d8%a7%d9%84%d9%8a-%d9%85%d9%86-%d8%a7%d9%84%d8%b2%d9%8a%d8%aa\/\">\u0636\u0627\u063a\u0637 \u0627\u0644\u062a\u0645\u0631\u064a\u0631 \u0627\u0644\u062e\u0627\u0644\u064a \u0645\u0646 \u0627\u0644\u0632\u064a\u062a<\/a><\/li>\n<li id=\"menu-item-2318\" class=\"menu-item menu-item-type-post_type menu-item-object-page menu-item-2318\"><a href=\"https:\/\/espadabilisim.com\/komsan\/ar\/%d8%b6%d9%88%d8%a7%d8%ba%d8%b7-%d8%a8%d8%b1%d8%a3%d8%b3-%d9%85%d9%83%d8%a8%d8%b3-%d8%ae%d8%a7%d9%84%d9%8a%d8%a9-%d9%85%d9%86-%d8%a7%d9%84%d8%b2%d9%8a%d8%aa\/\">\u0636\u0648\u0627\u063a\u0637 \u0628\u0631\u0623\u0633 \u0645\u0643\u0628\u0633 \u062e\u0627\u0644\u064a\u0629 \u0645\u0646 \u0627\u0644\u0632\u064a\u062a<\/a><\/li>\n<li id=\"menu-item-2319\" class=\"menu-item menu-item-type-post_type menu-item-object-page menu-item-2319\"><a href=\"https:\/\/espadabilisim.com\/komsan\/ar\/%d9%85%d8%ac%d9%81%d9%81%d8%a7%d8%aa-%d8%a7%d9%84%d9%87%d9%88%d8%a7%d8%a1-%d8%a7%d9%84%d9%85%d8%a8%d8%b1%d8%af%d8%a9\/\">\u0645\u062c\u0641\u0641\u0627\u062a \u0627\u0644\u0647\u0648\u0627\u0621 \u0627\u0644\u0645\u0628\u0631\u062f\u0629<\/a><\/li>\n<li id=\"menu-item-2320\" class=\"menu-item menu-item-type-post_type menu-item-object-page menu-item-2320\"><a href=\"https:\/\/espadabilisim.com\/komsan\/ar\/%d9%85%d8%ac%d9%81%d9%81%d8%a7%d8%aa-%d8%a7%d9%84%d9%87%d9%88%d8%a7%d8%a1-%d8%a7%d9%84%d8%a7%d9%85%d8%aa%d8%b5%d8%a7%d8%b5%d9%8a%d8%a9\/\">\u0645\u062c\u0641\u0641\u0627\u062a \u0627\u0644\u0647\u0648\u0627\u0621 \u0627\u0644\u0627\u0645\u062a\u0635\u0627\u0635\u064a\u0629<\/a><\/li>\n<li id=\"menu-item-2321\" class=\"menu-item menu-item-type-post_type menu-item-object-page menu-item-2321\"><a href=\"https:\/\/espadabilisim.com\/komsan\/ar\/air-filters-2\/\">\u0645\u0631\u0634\u062d\u0627\u062a \u0627\u0644\u0647\u0648\u0627\u0621<\/a><\/li>\n<li id=\"menu-item-2322\" class=\"menu-item menu-item-type-post_type menu-item-object-page menu-item-2322\"><a href=\"https:\/\/espadabilisim.com\/komsan\/ar\/%d8%ae%d8%b2%d8%a7%d9%86%d8%a7%d8%aa-%d8%a7%d9%84%d9%87%d9%88%d8%a7%d8%a1\/\">\u062e\u0632\u0627\u0646\u0627\u062a \u0627\u0644\u0647\u0648\u0627\u0621<\/a><\/li>\n<li id=\"menu-item-2323\" class=\"menu-item menu-item-type-post_type menu-item-object-page menu-item-2323\"><a href=\"https:\/\/espadabilisim.com\/komsan\/ar\/%d8%a3%d9%86%d8%b8%d9%85%d8%a9-%d8%a7%d9%84%d8%a5%d8%af%d8%a7%d8%b1%d8%a9\/\">\u0623\u0646\u0638\u0645\u0629 \u0627\u0644\u0625\u062f\u0627\u0631\u0629<\/a><\/li>\n<li id=\"menu-item-2324\" class=\"menu-item menu-item-type-post_type menu-item-object-page menu-item-2324\"><a href=\"https:\/\/espadabilisim.com\/komsan\/ar\/%d8%ad%d9%84%d9%88%d9%84-%d8%aa%d9%86%d9%81%d8%b3-%d8%a7%d9%84%d9%87%d9%88%d8%a7%d8%a1\/\">\u062d\u0644\u0648\u0644 \u062a\u0646\u0641\u0633 \u0627\u0644\u0647\u0648\u0627\u0621<\/a><\/li>\n<li id=\"menu-item-2325\" class=\"menu-item menu-item-type-post_type menu-item-object-page menu-item-2325\"><a href=\"https:\/\/espadabilisim.com\/komsan\/ar\/%d9%85%d9%88%d9%84%d8%af%d8%a7%d8%aa-%d8%a7%d9%84%d9%86%d9%8a%d8%aa%d8%b1%d9%88%d8%ac%d9%8a%d9%86\/\">\u0645\u0648\u0644\u062f\u0627\u062a \u0627\u0644\u0646\u064a\u062a\u0631\u0648\u062c\u064a\u0646<\/a><\/li>\n<\/ul><\/div><\/div><\/div><\/div><\/div><div data-bb-version=\"4.8.5\"  class=\"bt_bb_column col-xxl-9 col-xl-9 col-xs-12 col-sm-12 col-md-12 col-lg-9 bt_bb_vertical_align_middle bt_bb_align_left bt_bb_padding_normal bt_bb_animation_fade_in animate\" style=\"margin-bottom:60px;\" data-width=\"9\" data-bt-override-class=\"{&quot;bt_bb_align_&quot;:{&quot;current_class&quot;:&quot;bt_bb_align_left&quot;,&quot;xxl&quot;:&quot;left&quot;},&quot;bt_bb_padding_&quot;:{&quot;current_class&quot;:&quot;bt_bb_padding_normal&quot;,&quot;xxl&quot;:&quot;normal&quot;}}\"><div class=\"bt_bb_column_content\"><div class=\"bt_bb_column_content_inner\"><div class=\"bt_bb_separator bt_bb_border_style_none bt_bb_bottom_spacing_80 bt_bb_hidden_md bt_bb_hidden_lg\" data-bt-override-class=\"null\"><\/div><header data-bb-version=\"4.8.5\" class=\"bt_bb_headline bt_bb_dash_top bt_bb_superheadline bt_bb_size_large bt_bb_align_inherit\" data-bt-override-class=\"{&quot;bt_bb_size_&quot;:{&quot;current_class&quot;:&quot;bt_bb_size_large&quot;,&quot;xxl&quot;:&quot;large&quot;},&quot;bt_bb_align_&quot;:{&quot;current_class&quot;:&quot;bt_bb_align_inherit&quot;,&quot;xxl&quot;:&quot;inherit&quot;}}\"><h1><span class=\"bt_bb_headline_superheadline\"><span>\u064a\u062a\u0645 \u0627\u0644\u062a\u0631\u0643\u064a\u0628 \u0639\u0644\u0649 \u0627\u0644\u062e\u0632\u0627\u0646 \u0628\u064a\u0646 2.2 \u0643\u064a\u0644\u0648 \u0648\u0627\u062a - 15 \u0643\u064a\u0644\u0648 \u0648\u0627\u062a<\/span><\/span><\/h1><\/header><div class=\"bt_bb_separator bt_bb_border_style_none bt_bb_bottom_spacing_40\" data-bt-override-class=\"null\"><\/div><div data-bb-version=\"4.8.5\" class=\"bt_bb_slider urun_galeri bt_bb_height_keep-height bt_bb_multiple_slides bt_bb_multiple_slides bt_bb_animation_slide animate bt_bb_overflow_no bt_bb_thick_line_no bt_bb_active_dot_accent bt_bb_inactive_dot_light_font bt_bb_slider_arrows_dark_font_light_bg bt_bb_arrows_size_small\"><div class=\"slick-slider\"  data-slick='{ \"lazyLoad\": \"progressive\", \"cssEase\": \"ease-out\", \"speed\": \"300\", \"prevArrow\": \"&lt;button type=\\\"button\\\" class=\\\"slick-prev\\\" aria-label=\\\"Previous\\\" tabindex=\\\"0\\\" role=\\\"button\\\"&gt;&lt;\/button&gt;\", \"nextArrow\": \"&lt;button type=\\\"button\\\" class=\\\"slick-next\\\" aria-label=\\\"Next\\\" tabindex=\\\"0\\\" role=\\\"button\\\"&gt;&lt;\/button&gt;\",\"slidesToShow\": 3,\"slidesToShow\": 3, \"responsive\": [{ \"breakpoint\": 480, \"settings\": { \"slidesToShow\": 1, \"slidesToScroll\": 1 } },{ \"breakpoint\": 768, \"settings\": { \"slidesToShow\": 2, \"slidesToScroll\": 2 } },{ \"breakpoint\": 992, \"settings\": { \"slidesToShow\": 3, \"slidesToScroll\": 3 } },{ \"breakpoint\": 1200, \"settings\": { \"slidesToShow\": 3, \"slidesToScroll\": 3 } },{ \"breakpoint\": 1400, \"settings\": { \"slidesToShow\": 3, \"slidesToScroll\": 3 } }]}' ><div class=\"bt_bb_slider_item\" data-src-full=\"https:\/\/espadabilisim.com\/komsan\/wp-content\/uploads\/2024\/04\/depoustu2.jpg\"><img decoding=\"async\" src=\"https:\/\/espadabilisim.com\/komsan\/wp-content\/uploads\/2024\/04\/depoustu2.jpg\" alt=\"depoustu2\"  title=\"depoustu2\"><\/div><div class=\"bt_bb_slider_item\" data-src-full=\"https:\/\/espadabilisim.com\/komsan\/wp-content\/uploads\/2024\/04\/depoustu1.jpg\"><img decoding=\"async\" src=\"https:\/\/espadabilisim.com\/komsan\/wp-content\/uploads\/2024\/04\/depoustu1.jpg\" alt=\"depoustu1\"  title=\"depoustu1\"><\/div><\/div><\/div><div data-bb-version=\"4.8.5\"  class=\"bt_bb_text\" style=\"margin-bottom:10px;\"><p><strong>\u0627\u0644\u0627\u062a\u0635\u0627\u0644 \u0648\u0627\u0644\u062a\u0634\u063a\u064a\u0644<\/strong><\/p>\n<p>\u062a\u0645 \u062a\u0635\u0645\u064a\u0645 \u0646\u0638\u0627\u0645 \u0627\u0644\u062d\u0632\u0645 \u0627\u0644\u0645\u062f\u0645\u062c \u0648\u0627\u0644\u0643\u0627\u0645\u0644 \u0627\u0644\u062e\u0627\u0635 \u0628\u0640 Komsan Compressor \u0644\u062a\u0644\u0628\u064a\u0629 \u062c\u0645\u064a\u0639 \u062a\u0648\u0642\u0639\u0627\u062a\u0643. \u062a\u062a\u0645\u064a\u0632 \u0647\u0630\u0647 \u0627\u0644\u0646\u0645\u0627\u0630\u062c \u0628\u0645\u0633\u062a\u0648\u0649 \u0636\u0648\u0636\u0627\u0621 \u0623\u0642\u0644 \u0648\u062a\u0648\u0641\u0631 \u0627\u0644\u0637\u0627\u0642\u0629 \u0645\u0642\u0627\u0631\u0646\u0629 \u0628\u0627\u0644\u0646\u0645\u0627\u0630\u062c \u0627\u0644\u062d\u0627\u0644\u064a\u0629.<\/p>\n<p><strong>\u0623\u0643\u062b\u0631 \u0642\u0648\u0629\u060c \u0645\u0633\u0627\u062d\u0629 \u0623\u0642\u0644<\/strong><\/p>\n<p>\u062a\u0634\u063a\u0644 \u0647\u0630\u0647 \u0627\u0644\u0646\u0645\u0627\u0630\u062c \u0645\u0633\u0627\u062d\u0629 \u0623\u0642\u0644 \u0648\u0628\u0623\u0642\u0635\u0649 \u0633\u0639\u0629 \u0644\u0645\u0639\u062f\u0644 \u0627\u0644\u062a\u062f\u0641\u0642\u060c \u0641\u0647\u064a \u0639\u0628\u0627\u0631\u0629 \u0639\u0646 \u0645\u0646\u062a\u062c\u0627\u062a \u0646\u0638\u0627\u0645 \u0645\u0636\u063a\u0648\u0637\u0629. \u064a\u062a\u0645 \u062a\u0642\u0644\u064a\u0644 \u0645\u0633\u0627\u062d\u0629 \u0627\u0644\u062a\u062b\u0628\u064a\u062a \u0627\u0644\u0645\u0637\u0644\u0648\u0628\u0629 \u0628\u0641\u0636\u0644 \u0646\u0638\u0627\u0645 \u0627\u0644\u062a\u0648\u0635\u064a\u0644 \u0627\u0644\u0628\u064a\u0646\u064a \u0627\u0644\u0645\u0633\u0628\u0642 \u0628\u064a\u0646 \u0627\u0644\u0645\u0643\u0648\u0646\u0627\u062a. \u0627\u0644\u0634\u0631\u0637 \u0627\u0644\u0648\u062d\u064a\u062f \u0647\u0648 \u062a\u0648\u0635\u064a\u0644 \u0627\u0644\u0643\u0647\u0631\u0628\u0627\u0621 \u0648\u062a\u0648\u0635\u064a\u0644 \u062e\u0637 \u0627\u0644\u0623\u0646\u0627\u0628\u064a\u0628.<\/p>\n<\/div><div class=\"bt_bb_row_wrapper\"><div  class=\"bt_bb_row_inner\"  data-bt-override-class=\"{}\"><div  class=\"bt_bb_column_inner col-xxl-12 col-xl-12 col-xs-12 col-sm-12 col-md-12 col-lg-12 bt_bb_vertical_align_top bt_bb_align_left bt_bb_padding_normal\"  data-width=\"12\" data-bt-override-class=\"{}\"><div class=\"bt_bb_column_inner_content\"><div data-bb-version=\"4.8.5\"  class=\"bt_bb_text\" ><p><img loading=\"lazy\" decoding=\"async\" class=\"alignnone size-full wp-image-1850\" src=\"https:\/\/espadabilisim.com\/komsan\/wp-content\/uploads\/2024\/04\/depo-ustu-en-tablo.jpg\" alt=\"\" width=\"628\" height=\"1158\" srcset=\"https:\/\/espadabilisim.com\/komsan\/wp-content\/uploads\/2024\/04\/depo-ustu-en-tablo.jpg 628w, https:\/\/espadabilisim.com\/komsan\/wp-content\/uploads\/2024\/04\/depo-ustu-en-tablo-320x590.jpg 320w\" sizes=\"auto, (max-width: 628px) 100vw, 628px\" \/><\/p>\n<\/div><div class=\"bt_bb_separator bt_bb_border_style_none bt_bb_bottom_spacing_10 bt_bb_hidden_md bt_bb_hidden_lg\" data-bt-override-class=\"null\"><\/div><\/div><\/div><\/div><\/div><div class=\"bt_bb_separator bt_bb_border_style_solid bt_bb_top_spacing_40 bt_bb_bottom_spacing_40\" data-bt-override-class=\"null\"><\/div><div data-bb-version=\"4.8.5\" class=\"bt_bb_button bt_bb_color_scheme_6 bt_bb_icon_position_left bt_bb_style_filled bt_bb_size_normal bt_bb_width_inline bt_bb_shape_inherit bt_bb_target_self bt_bb_text_transform_inherit bt_bb_align_inherit\" style=\"; --primary-color:#ffffff; --secondary-color:#f07e12;\" data-bt-override-class=\"{&quot;bt_bb_size_&quot;:{&quot;current_class&quot;:&quot;bt_bb_size_normal&quot;,&quot;xxl&quot;:&quot;normal&quot;},&quot;bt_bb_align_&quot;:{&quot;current_class&quot;:&quot;bt_bb_align_inherit&quot;,&quot;xxl&quot;:&quot;inherit&quot;}}\"><a href=\"https:\/\/espadabilisim.com\/komsan\/iletisim\/\" target=\"_self\" class=\"bt_bb_link\" title=\"\u0627\u062d\u0635\u0644 \u0639\u0644\u0649 \u0639\u0631\u0636 \u0623\u0633\u0639\u0627\u0631 \u0627\u0644\u0622\u0646\"><span class=\"bt_bb_button_text\" >\u0627\u062d\u0635\u0644 \u0639\u0644\u0649 \u0639\u0631\u0636 \u0623\u0633\u0639\u0627\u0631 \u0627\u0644\u0622\u0646<\/span><\/a><\/div><\/div><\/div><\/div><\/div><\/div><\/div><!-- cell_inner --><\/div><!-- cell --><\/div><!-- port --><\/section>","protected":false},"excerpt":{"rendered":"<p>Sahada kendini kan\u0131tlam\u0131\u015f Vek Serisi; y\u00fcksek verimi ve ekonomiyi bir arada sunmaktad\u0131r. Yeni opsiyonel donan\u0131mlar\u0131 ile ihtiya\u00e7lar\u0131n\u0131za tam olarak cevap verir.<br \/>\n\u00dcr\u00fcn Gam\u0131 ve Teknik Veriler > Sayfa 6<\/p>\n","protected":false},"author":1,"featured_media":578,"parent":0,"menu_order":0,"comment_status":"closed","ping_status":"closed","template":"","meta":{"footnotes":""},"class_list":["post-2287","page","type-page","status-publish","has-post-thumbnail","hentry"],"_links":{"self":[{"href":"https:\/\/espadabilisim.com\/komsan\/wp-json\/wp\/v2\/pages\/2287","targetHints":{"allow":["GET"]}}],"collection":[{"href":"https:\/\/espadabilisim.com\/komsan\/wp-json\/wp\/v2\/pages"}],"about":[{"href":"https:\/\/espadabilisim.com\/komsan\/wp-json\/wp\/v2\/types\/page"}],"author":[{"embeddable":true,"href":"https:\/\/espadabilisim.com\/komsan\/wp-json\/wp\/v2\/users\/1"}],"replies":[{"embeddable":true,"href":"https:\/\/espadabilisim.com\/komsan\/wp-json\/wp\/v2\/comments?post=2287"}],"version-history":[{"count":2,"href":"https:\/\/espadabilisim.com\/komsan\/wp-json\/wp\/v2\/pages\/2287\/revisions"}],"predecessor-version":[{"id":2344,"href":"https:\/\/espadabilisim.com\/komsan\/wp-json\/wp\/v2\/pages\/2287\/revisions\/2344"}],"wp:featuredmedia":[{"embeddable":true,"href":"https:\/\/espadabilisim.com\/komsan\/wp-json\/wp\/v2\/media\/578"}],"wp:attachment":[{"href":"https:\/\/espadabilisim.com\/komsan\/wp-json\/wp\/v2\/media?parent=2287"}],"curies":[{"name":"wp","href":"https:\/\/api.w.org\/{rel}","templated":true}]}}