{"id":4640,"date":"2025-11-20T13:48:04","date_gmt":"2025-11-20T10:48:04","guid":{"rendered":"https:\/\/espadabilisim.com\/nukleer\/?page_id=4640"},"modified":"2025-11-20T13:49:49","modified_gmt":"2025-11-20T10:49:49","slug":"destekci-listesi","status":"publish","type":"page","link":"https:\/\/espadabilisim.com\/nukleer\/tr\/destekci-listesi\/","title":{"rendered":"Destek\u00e7i Listesi"},"content":{"rendered":"\t\t<div data-elementor-type=\"wp-page\" data-elementor-id=\"4640\" class=\"elementor elementor-4640\">\n\t\t\t\t<div class=\"elementor-element elementor-element-e4ec58c e-flex e-con-boxed e-con e-parent\" data-id=\"e4ec58c\" data-element_type=\"container\" data-settings=\"{&quot;background_background&quot;:&quot;classic&quot;,&quot;wcf_enable_cursor_hover_effect_text&quot;:&quot;View&quot;,&quot;wcf-animation&quot;:&quot;none&quot;}\">\n\t\t\t\t\t<div class=\"e-con-inner\">\n\t\t\t\t<div class=\"elementor-element elementor-element-b4ff152 wcf-t-animation-none elementor-widget elementor-widget-heading\" data-id=\"b4ff152\" data-element_type=\"widget\" data-settings=\"{&quot;wcf-animation&quot;:&quot;fade&quot;,&quot;data-duration&quot;:0.75,&quot;fade-offset&quot;:40,&quot;wcf_text_animation&quot;:&quot;none&quot;,&quot;delay&quot;:0.15,&quot;on-scroll&quot;:1,&quot;fade-from&quot;:&quot;bottom&quot;,&quot;ease&quot;:&quot;power2.out&quot;}\" data-widget_type=\"heading.default\">\n\t\t\t\t<div class=\"elementor-widget-container\">\n\t\t\t\t\t<h2 class=\"elementor-heading-title elementor-size-default\">Destek\u00e7i Listesi<\/h2>\t\t\t\t<\/div>\n\t\t\t\t<\/div>\n\t\t\t\t<div class=\"elementor-element elementor-element-a9eef7e elementor-hidden-desktop elementor-hidden-laptop elementor-hidden-tablet_extra elementor-hidden-tablet elementor-hidden-mobile_extra elementor-hidden-mobile elementor-widget elementor-widget-wcf--blog--banner--breadcrumb\" data-id=\"a9eef7e\" data-element_type=\"widget\" data-settings=\"{&quot;wcf-animation&quot;:&quot;fade&quot;,&quot;delay&quot;:0.3,&quot;data-duration&quot;:0.75,&quot;fade-offset&quot;:20,&quot;on-scroll&quot;:1,&quot;fade-from&quot;:&quot;bottom&quot;,&quot;ease&quot;:&quot;power2.out&quot;}\" data-widget_type=\"wcf--blog--banner--breadcrumb.default\">\n\t\t\t\t<div class=\"elementor-widget-container\">\n\t\t\t\t\t<ul class=\"default-breadcrumb__list\"><li><a href=\"https:\/\/espadabilisim.com\/nukleer\">Home<i class=\"helo-theme wcftheme-wcf-icon icon-wcf-checvron-right\"><\/i><\/a><\/li> <\/ul>\t\t<script type=\"application\/ld+json\">\r\n\t\t    {\r\n\t\t      \"@context\": \"https:\/\/schema.org\",\r\n\t\t      \"@type\": \"BreadcrumbList\",\r\n\t\t      \"itemListElement\": [{\r\n\t\t        \"@type\": \"ListItem\",\r\n\t\t        \"position\": 1,\r\n\t\t        \"name\": \"Books\",\r\n\t\t        \"item\": \"https:\/\/example.com\/books\"\r\n\t\t      },{\r\n\t\t        \"@type\": \"ListItem\",\r\n\t\t        \"position\": 2,\r\n\t\t        \"name\": \"Science Fiction\",\r\n\t\t        \"item\": \"https:\/\/example.com\/books\/sciencefiction\"\r\n\t\t      },{\r\n\t\t        \"@type\": \"ListItem\",\r\n\t\t        \"position\": 3,\r\n\t\t        \"name\": \"Award Winners\"\r\n\t\t      }]\r\n\t\t    }\r\n\t    <\/script>\r\n      \r\n\t\t\t    \r\n\t\t\t\t\t\t<\/div>\n\t\t\t\t<\/div>\n\t\t\t\t\t<\/div>\n\t\t\t\t<\/div>\n\t\t<div class=\"elementor-element elementor-element-91560a1 e-con-full e-flex e-con e-parent\" data-id=\"91560a1\" data-element_type=\"container\" data-settings=\"{&quot;wcf_enable_cursor_hover_effect_text&quot;:&quot;View&quot;,&quot;background_background&quot;:&quot;classic&quot;,&quot;wcf-animation&quot;:&quot;none&quot;}\">\n\t\t<div class=\"elementor-element elementor-element-5a5cf3b e-con-full e-flex e-con e-child\" data-id=\"5a5cf3b\" data-element_type=\"container\" data-settings=\"{&quot;wcf_enable_cursor_hover_effect_text&quot;:&quot;View&quot;,&quot;wcf-animation&quot;:&quot;none&quot;}\">\n\t\t<div class=\"elementor-element elementor-element-04ac9d5 e-con-full e-flex e-con e-child\" data-id=\"04ac9d5\" data-element_type=\"container\" data-settings=\"{&quot;wcf_enable_cursor_hover_effect_text&quot;:&quot;View&quot;,&quot;wcf-animation&quot;:&quot;fade&quot;,&quot;fade-from&quot;:&quot;left&quot;,&quot;data-duration&quot;:0.75,&quot;fade-offset&quot;:40,&quot;delay&quot;:0.15,&quot;on-scroll&quot;:1,&quot;ease&quot;:&quot;power2.out&quot;}\">\n\t\t\t\t<div class=\"elementor-element elementor-element-b7c0c10 wcf-t-animation-none elementor-widget elementor-widget-text-editor\" data-id=\"b7c0c10\" data-element_type=\"widget\" data-settings=\"{&quot;wcf_text_animation&quot;:&quot;none&quot;,&quot;wcf-animation&quot;:&quot;none&quot;}\" data-widget_type=\"text-editor.default\">\n\t\t\t\t<div class=\"elementor-widget-container\">\n\t\t\t\t\t\t\t\t\t<p style=\"text-align: center;\">Ahmet Ersoy<br \/>Ahmet Saymad\u0131<br \/>Ahmet S. Bilgen<br \/>Akif Ersoy<br \/>Ak\u015fit Tamer<br \/>Ali Alk\u0131m \u00d6zdizbay<br \/>Ali Galip Poyraz<br \/>Ali Ilg\u0131m Demirel<br \/>Ali Murat Kaya<br \/>Alper O\u011fuz<br \/>Alper Y\u0131lmaz<br \/>Angela Bischoff<br \/>Anouk Huneke<br \/>Antoin Rodgers<br \/>Arif Akda\u011f<br \/>Arif Cem G\u00fcndo\u011fan<br \/>ARTvoltage<br \/>Asena G\u00fcnal<br \/>Asl\u0131 \u00c7etinkaya<br \/>Asl\u0131 G\u00f6ksel<br \/>Asl\u0131 Ild\u0131r<br \/>Asl\u0131 Telli Aydemir<br \/>A\u015fk\u0131n \u00c7evik<br \/>Atilla Aksel<br \/>Aycan Kafescio\u011flu<br \/>Aydan G\u00fclerce<br \/>Aydee Bergmann<br \/>Ayhan Karabulut<br \/>Aylin K\u00fcntay<br \/>Aylin Vartanyan Dilaver<br \/>Ay\u015fe Duygu El\u00e7i<br \/>Ay\u015fe G\u00fcl Alt\u0131nay<br \/>Ay\u015fe Hasol Erktin<br \/>Ay\u015fe I\u015f\u0131l Akyol<br \/>Ay\u015fe Mehve\u015f Evin<br \/>Ay\u015fe Mumcu<br \/>Ay\u015fe \u00d6teno\u011flu<br \/>Ay\u015fecan Terzio\u011flu<br \/>Ay\u015feg\u00fcl Kesirli<br \/>Ay\u015fen Canda\u015f<br \/>Aytu\u011f \u00dcng\u00f6r<br \/>A. Aslano\u011flu<br \/>Banu Beng\u00fc<br \/>Banu Can<br \/>Baran Bozo\u011flu<br \/>Baran Karsak<br \/>Bar\u0131\u015f Bekdemir<br \/>Bar\u0131\u015f B\u00fcy\u00fckokutan<br \/>Bar\u0131\u015f Sunal<br \/>Ba\u015fak Karaman<br \/>Belgin Tek\u00e7e<br \/>Beg\u00fcm Ayd\u0131n<br \/>Beg\u00fcm \u00d6zkaynak<br \/>Belmin S\u00f6ylemez<br \/>Beng\u00fc Bubu<br \/>Berat \u0130lk<br \/>Berat Haznedaro\u011flu<br \/>Berfin Dinler<br \/>Beril Ey\u00fcbo\u011flu<br \/>Berkay Ulu\u00e7<br \/>Berna Gen\u00e7alp<br \/>Berna K\u0131l\u0131n\u00e7<br \/>Beyza Boyac\u0131o\u011flu<br \/>Beyza \u00d6zcan<br \/>B. Talu\u011f<br \/>Bican \u00c7iltepe<br \/>Birg\u00fcl Sar\u0131o\u011flu<br \/>Brooke Suter<br \/>Buket Uzuner<br \/>Burak Acar<br \/>Burak Basmac\u0131o\u011flu<br \/>Burak \u00c7atl\u0131<br \/>Burak G\u00fc\u00e7<br \/>Burcu Karahan<br \/>Bur\u00e7in \u0130\u00e7dem<br \/>Can Deniz \u015eahin<br \/>Can Dinlenmi\u015f<br \/>Can Evren<br \/>Canan Aratemur<br \/>Canan Eren<br \/>Caner Hamarat<br \/>Caroline Bergmann<br \/>Caroline Huneke<br \/>Carolyn Anderson<br \/>Cenk Ozbay<br \/>Ceren Karaca<br \/>Ceren \u00d6zsel\u00e7uk<br \/>Ceyda Arslan Kechriotis<br \/>Ceylan \u00d6z\u00e7elik<br \/>Chikako Esaki<br \/>\u00c7i\u011fdem Bal\u0131m<br \/>\u00c7i\u011fdem Erdol<br \/>\u00c7i\u011fdem Kafescio\u011flu<br \/>\u00c7i\u011fdem Mater<br \/>\u00c7i\u011fdem S\u00f6kmen<br \/>\u00c7i\u011fdem Yal\u00e7\u0131n<br \/>Damla \u00d6zen<br \/>Defne Civeleko\u011flu<br \/>Defne Halman<br \/>Defne Kad\u0131o\u011flu Polat<br \/>Demet Olesen<br \/>Deniz Aras \u00c7ak\u0131c\u0131<br \/>Deniz Belgin<br \/>Deniz \u0130lkba\u015faran<br \/>Deniz \u00d6zdemir<br \/>Devrim \u00c7aml\u0131ca<br \/>Didem Sa\u011f\u0131ro\u011flu<br \/>Dilan Bozda\u011f<br \/>Dilek \u00c7\u0131nar<br \/>Dincery<br \/>Diyar Erdo\u011fan<br \/>Do\u011fa K\u0131lc\u0131o\u011flu<br \/>Doro-Chiba Japan<br \/>Duygu Beykal \u0130z<br \/>Duygu Dalyano\u011flu<br \/>Duygu Kambur<br \/>D. Alt\u0131nay<br \/>Ebru Ar\u0131soy<br \/>Ebru Debba\u011f<br \/>Ebru Nihan Celkan<br \/>Ece Cang\u00fcden<br \/>Ece \u015eenba\u015f<br \/>Ece Temelkuran<br \/>Ecem Cennet Sar\u0131g\u00fcl<br \/>Eda Elodie Moreau Evcil<br \/>Edin Zaim<br \/>Efe G\u00f6kto\u011fan<br \/>Ege Okal<br \/>Ekin Medeni<br \/>Ekmel \u00c7izmecio\u011flu<br \/>Elif Ak\u00e7al\u0131<br \/>Elif Aysimi Duman<br \/>Elif G\u00fcl Tirben<br \/>Elif Ilgaz Peri<br \/>Elif \u00d6zdo\u011fan<br \/>Elif Rongen Kaynak\u00e7\u0131<br \/>Elizabeth Bosch<br \/>Emel Kurma<br \/>Emiko Fujioko<br \/>Emin \u00c7apa<br \/>Emine Tarhan<br \/>Emrah G\u00fcrsel<br \/>Emre G\u00fcndo\u011fdu<br \/>Emre Kantarc\u0131<br \/>Emre Kavlak<br \/>Emre Y\u0131lmaz<br \/>Eran Preis<br \/>Erdem Y\u00f6r\u00fck<br \/>Erol K\u00f6ro\u011flu<br \/>Ertu\u011frul Mavio\u011flu<br \/>Esen Ezgi Ta\u015fc\u0131o\u011flu<br \/>Esra Arsan<br \/>Esra Kurt Ergin<br \/>Esra \u00d6zban<br \/>Esra \u00dc\u00e7dirhem<br \/>Etem Serkan S\u00f6kmen<br \/>Eva Liedtjens<br \/>Eylem Bayar<br \/>Efe Baysal<br \/>E. \u00dc\u00e7oluk<br \/>Ezgi \u00d6z<br \/>Fabian Huneke<br \/>Fasih \u00dcstek<br \/>Fatih P\u0131nar<br \/>Fatma Damak<br \/>Ferda Acarol Gurerk<br \/>Ferit G\u00fcven<br \/>Ferit \u00d6zt\u00fcrk<br \/>Feyha \u00c7\u0131narl\u0131<br \/>F\u0131rat Erdo\u011fmu\u015f<br \/>F\u0131rat Uran<br \/>Figen G\u00fcl Kafes\u00e7io\u011flu<br \/>Figen Soydemir<br \/>Fikret Adaman<br \/>Fikret Mano\u011flu<br \/>Fritjof Gersch<br \/>Funda D\u00f6nmez<br \/>Funda \u00dcstek<br \/>Funda Yavuz<br \/>Gamze G\u00f6r\u00fcr<br \/>Gamze \u0130ngin<br \/>Gizem Candemir K\u0131l\u0131\u00e7o\u011flu<\/p>\t\t\t\t\t\t\t\t<\/div>\n\t\t\t\t<\/div>\n\t\t\t\t<\/div>\n\t\t<div class=\"elementor-element elementor-element-1805cc8 e-con-full e-flex e-con e-child\" data-id=\"1805cc8\" data-element_type=\"container\" data-settings=\"{&quot;wcf_enable_cursor_hover_effect_text&quot;:&quot;View&quot;,&quot;wcf-animation&quot;:&quot;fade&quot;,&quot;delay&quot;:0.3,&quot;fade-from&quot;:&quot;left&quot;,&quot;data-duration&quot;:0.75,&quot;fade-offset&quot;:40,&quot;on-scroll&quot;:1,&quot;ease&quot;:&quot;power2.out&quot;}\">\n\t\t\t\t<div class=\"elementor-element elementor-element-54cfb12 wcf-t-animation-none elementor-widget elementor-widget-text-editor\" data-id=\"54cfb12\" data-element_type=\"widget\" data-settings=\"{&quot;wcf_text_animation&quot;:&quot;none&quot;,&quot;wcf-animation&quot;:&quot;none&quot;}\" data-widget_type=\"text-editor.default\">\n\t\t\t\t<div class=\"elementor-widget-container\">\n\t\t\t\t\t\t\t\t\t<p style=\"text-align: center;\">Gizem Kalay<br \/>G\u00f6k\u00e7e K\u0131rca<br \/>G\u00f6knil Bigan<br \/>G\u00f6ksu \u00d6zah\u0131shal\u0131<br \/>G\u00f6rkem Ko\u00e7er<br \/>Gustavo de Veciana<br \/>G\u00fcl Saplak<br \/>G\u00fcliz Sa\u011flam<br \/>G\u00fcne\u015f Engin<br \/>G\u00fcven G\u00fczeldere<br \/>Haldun G\u00fclalp<br \/>Haluk \u00c7al\u0131\u015f\u0131r<br \/>Handan Dedebay\u0131r<br \/>Hasan Salih Ay<br \/>Ha\u015fmet Topalo\u011flu<br \/>Hatice \u00c7iltepe<br \/>Hatice Leyla S\u00fcrmeli<br \/>Hat\u0131ra Topakl\u0131<br \/>Hazal Halavut<br \/>Hicran Duran<br \/>Hilmi Etikan<br \/>Hilmi Maktav<br \/>Hiroshi Nkakajima<br \/>Hiroshi Yoshida<br \/>Hitomi Kamanaka<br \/>Huri Acun<br \/>H\u00fclya Adak<br \/>H\u00fclya \u00c7evik Okatan<br \/>H\u00fcseyin K\u00fc\u00e7\u00fckayd\u0131n<br \/>H. Ne\u015fe \u00d6zgen<br \/>H. Osman \u00c7\u0131k\u0131ll\u0131<br \/>Irmak Ert\u00f6r<br \/>I\u015f\u0131k T\u00fcz\u00fcn<br \/>\u0130brahim Gurun<br \/>\u0130brahim Kirhan<br \/>\u0130brahim Somal\u0131<br \/>\u0130lke Ercan<br \/>\u0130mge Tak<br \/>\u0130ncilay Erdo\u011fan<br \/>\u0130pek \u0130lkkaracan<br \/>\u0130pek Y\u00fcrekli<br \/>\u0130sa Levent<br \/>\u0130zlem Aybast\u0131<br \/>InHouse<br \/>Isabelle Meiffert<br \/>Jale Kara<br \/>Jonah Huneke<br \/>Josh Carney<br \/>Julien Roux<br \/>Kenan Tamer<br \/>Kerem \u00c7ift\u00e7io\u011flu<br \/>Kerstin Rudek<br \/>K\u0131van\u00e7 \u0130nelmen<br \/>Kiyumi Oyama<br \/>Koray \u00c7al\u0131\u015fkan<br \/>Koray Do\u011fan Urbarl\u0131<br \/>Korkut \u00dcn<br \/>K\u00fcr\u015fat Oral<br \/>Ladin Bayurgil<br \/>Lale Tekis Alp<br \/>Laura Yde<br \/>L\u0130STAG Derne\u011fi<br \/>Lorin Markarian<br \/>Lostage777<br \/>Louise Martin<br \/>Madoka Yanagisawa<br \/>Manu<br \/>Mari Nakamura<br \/>Massimo Perinelli<br \/>Mehmet Binay<br \/>Mehmet Kentel<br \/>Mehmet Sad\u0131k \u00c7ak\u0131c\u0131<br \/>Mehmet Taner Demir<br \/>Melda Akp\u0131nar<br \/>Melda Elif Keskin<br \/>Melih K\u0131rl\u0131do\u011f<br \/>Melis Alphan<br \/>Melis Behlil<br \/>Melisa \u00d6nel<br \/>Meltem D\u00fczel Ayral<br \/>Meltem T\u00fcrk\u00f6z<br \/>Mert C. Demir<br \/>Merve Elveren<br \/>Mia Fuller<br \/>Mi\u00e7oyumben<br \/>Mine Nakipo\u011flu<br \/>Miyuki Kohara<br \/>Murat Cemal Yal\u00e7\u0131ntan<br \/>Murat Sar\u0131han<br \/>Murat Sumer<br \/>Mustafa Mert Metin<br \/>Mustafa \u00dcnl\u00fc<br \/>Mustafa Yegen<br \/>Nami Y\u0131ld\u0131r\u0131m<br \/>Nao Ibaragi<br \/>Nazen<br \/>Nevra Necipo\u011flu<br \/>Nuket Esen<br \/>Nur Mardin<br \/>Nuri Cem Erbak<br \/>N\u00fckhet Barlas<br \/>N\u00fckhet \u00d6zkuvanc\u0131<br \/>Ohashi Masaaki<br \/>Olcay Aky\u0131ld\u0131z<br \/>Olga Shunler<br \/>Onur Ferhano\u011flu<br \/>Onur \u00d6zg\u00f6dek<br \/>Onur Selvi<br \/>Oral Kaya<br \/>Osman G\u00fc\u00e7<br \/>Oya Ertay<br \/>Ozan \u00c7a\u011flayan<br \/>\u00d6mer Alk\u0131n<br \/>\u00d6mer Faruk<br \/>\u00d6mer Ongun<br \/>\u00d6zcan G\u00fclhan<br \/>\u00d6zden Yal\u0131m<br \/>\u00d6zge Kalm\u0131\u015f<br \/>\u00d6zg\u00fcl El\u00e7i<br \/>\u00d6zg\u00fcn Tanglay<br \/>\u00d6zg\u00fcr G\u00fcrb\u00fcz<br \/>\u00d6zlem Beyarslan<br \/>\u00d6zlem \u00d6calan<br \/>\u00d6zlem Kaya<br \/>\u00d6zlem Sar\u0131y\u0131ld\u0131z<br \/>\u00d6zlem \u00dcnsal<br \/>Pelin Uzay<br \/>Peri Johnson<br \/>Perin Cun<br \/>P\u0131nar Demircan<br \/>P\u0131nar Demirci<br \/>P\u0131nar Karag\u00fclle<br \/>Ra\u015fit T\u00fckel<br \/>Roberto Cavallini<br \/>Rodrigo A. Henriquez M.<br \/>Rojda Akbay\u0131r<br \/>Seda Akta\u015f<br \/>Sena Ba\u015f\u00f6z<br \/>Senem \u00c7ataly\u00fcrekli<br \/>Selen Ak\u00e7al\u0131&amp; Mehmet Uzunhasan<br \/>Selim Birsel<br \/>Selmin Kara<br \/>Selver Parlak<br \/>Seray Gen\u00e7<br \/>Serdar \u0130skit<br \/>Serkan K\u00f6yba\u015f\u0131<br \/>Serpil Say\u0131n<br \/>Serra Ayral<br \/>Serta\u00e7 Yeltekin<br \/>Sevim \u00c7elebi-Gottschlich\u00a0\u00a0\u00a0<br \/>Sezen Malta<br \/>Sezen Yal\u00e7\u0131n<br \/>Sezin \u00d6zk\u0131l\u0131\u00e7<br \/>Sezin Top\u00e7u<br \/>Sibel Ecer Y\u0131lmazer<br \/>Sibel Yard\u0131mc\u0131<br \/>Sibil \u00c7ekmen<br \/>Sinem Y\u0131lanc\u0131<br \/>Sonay Ban<br \/>Suna Eryi\u011fit Madzwamuse<br \/>Suncem Ko\u00e7er<br \/>Susan Javamama<br \/>Sven Post<br \/>\u015eefik Akko\u00e7<br \/>\u015eehnaz Tahir<br \/>\u015eemsa \u00d6zar<br \/>\u015eevket G\u00fcnter<br \/>\u015eeyda \u00c7etinba\u015f<br \/>Takafumi Yamazaki<br \/>Takuya Moriyama<br \/>Taner Aksel<br \/>Taner Bilgi\u00e7<br \/>Taner Birsel<br \/>Tange Kouki<br \/>Tansel&amp; \u00c7a\u011fatay<br \/>Tayfun Sen<br \/>Taylan Bartu<br \/>Timon Huneke<br \/>Tolga S\u00fctl\u00fc<br \/>Tolga Yalur<br \/>Tomomi Mogi<br \/>Toshiya Morita<br \/>Tuna Emren<br \/>Tuna Kuyucu<\/p>\t\t\t\t\t\t\t\t<\/div>\n\t\t\t\t<\/div>\n\t\t\t\t<\/div>\n\t\t<div class=\"elementor-element elementor-element-dca3738 e-con-full e-flex e-con e-child\" data-id=\"dca3738\" data-element_type=\"container\" data-settings=\"{&quot;wcf_enable_cursor_hover_effect_text&quot;:&quot;View&quot;,&quot;wcf-animation&quot;:&quot;fade&quot;,&quot;delay&quot;:0.45,&quot;fade-from&quot;:&quot;left&quot;,&quot;data-duration&quot;:0.75,&quot;fade-offset&quot;:40,&quot;on-scroll&quot;:1,&quot;ease&quot;:&quot;power2.out&quot;}\">\n\t\t\t\t<div class=\"elementor-element elementor-element-2e6de03 wcf-t-animation-none elementor-widget elementor-widget-text-editor\" data-id=\"2e6de03\" data-element_type=\"widget\" data-settings=\"{&quot;wcf_text_animation&quot;:&quot;none&quot;,&quot;wcf-animation&quot;:&quot;none&quot;}\" data-widget_type=\"text-editor.default\">\n\t\t\t\t<div class=\"elementor-widget-container\">\n\t\t\t\t\t\t\t\t\t<p style=\"text-align: center;\">Tuna V. G\u00fcvenel<br \/>Ula\u015f Karao\u011flu<br \/>Umur G\u00fcrsoy<br \/>Uygar \u00d6zesmi<br \/>U. Melih \u00c7etinba\u015f<br \/>\u00dclker Say\u0131n<br \/>\u00dcmit \u015eahin<br \/>\u00dcr\u00fcn Kurti\u00e7<br \/>Vahit Kozac\u0131o\u011flu<br \/>Vale Marcella<br \/>Visnef\u00fcs<br \/>Waldemar Bergmann<br \/>Yahya Madra<br \/>Yamac Okur<br \/>Yaman Barlas<br \/>Yaprak Ayd\u0131n<br \/>Yaprak Sar\u0131\u0131\u015f\u0131k<br \/>Yasemin G\u00f6n\u00fcl<br \/>Yasemin \u0130ren<br \/>Yasemin Zeynep<br \/>Yasemin Zeytino\u011flu<br \/>Y\u0131ld\u0131z Etikan<br \/>Yi\u011fit At\u0131lgan<br \/>Youchi Kawakami<br \/>Yuko T<br \/>Yuri Kadoya<br \/>Yusuf Elba\u015f\u0131<br \/>Yusuf K\u00f6se<br \/>Yusuf \u00d6lmez<br \/>Zarife \u00d6zt\u00fcrk<br \/>Zeynep Boratav<br \/>Zeynep Dadak<br \/>Zeynep Di\u015fbudak<br \/>Zeynep Kadirbeyo\u011flu<br \/>Zeynep Nejla \u00c7ataly\u00fcrekli<br \/>Zeynep Okan<br \/>Zeynep Sayg\u0131<br \/>Zeynep T\u00fcl Akbal S\u00fcalp<br \/>Zeynep Uysal<br \/>Zeynep Ya\u015far<br \/>Zeynep Y\u00fcceta\u015f<br \/>Zeyno \u00dcst\u00fcn<br \/>Zuhalcyp<br \/>Z. Hande Sart<br \/>\u30ce\u30fc\u30cb\u30e5\u30fc\u30af\u30b9\u30fb\u30a2\u30b8\u30a2\u30d5\u30a9\u30fc\u30e9\u30e0\u30fb\u30b8\u30e3\u30d1\u30f3<br \/>\u5b87\u91ce\u7530\u967d\u5b50<br \/>\u4f50\u85e4\u5927\u4ecb<br \/>\u96e3\u6ce2\u5e0c\u7f8e\u5b50<br \/>\u5927\u6d25\u5b9a\u7f8e<br \/>\u7530\u5e73\u6b63\u5b50<br \/>\u52a0\u85e4\u671d\u5b50<br \/>\u7fbd\u5009\u4fe1\u5f66<br \/>\u559c\u591a\u5e61\u4f73\u79c0<br \/>\u5b89\u90e8\u6804\u5b50<br \/>\u5c0f\u91ce\u7530\u96c4\u4e8c<br \/>\u6cb3\u5408\u6210\u4e00<br \/>\u6e21\u90e8\u82f1\u6a39<br \/>\u6b4c\u91ce\u656c<br \/>\u9060\u85e4\u69d9\u592b<br \/>\u5fd7\u6751\u6d0b\u5b50<br \/>\u4e0a\u91cc\u6075\u5b50<br \/>\u5c0f\u91ce\u5bfa\u5065\u4e00<br \/>\u4f50\u85e4\u5f25\u751f<br \/>\u67f4\u7530\u5fd7\u9ebb\u679d<br \/>\u91ce\u5bae\u653f\u5b50<br \/>\u559c\u5ca1\u7b19\u5b50<br \/>\u5409\u6b66\u514b\u5b8f<br \/>\u6e21\u8fba\u7531\u7f8e\u5b50<br \/>\u7530\u6751\u5e78\u5eb7<br \/>\u6e21\u7530\u6b63\u5f18<br \/>\u5bae\u5730\u4f73\u5b50<br \/>\u7af9\u5185\u6cbb\u7537<br \/>\u68ee\u672c\u5ba5\u7d39<br \/>\u6c60\u7530\u88d5<br \/>\u68da\u6a4b\u5bff\u90ce<br \/>\u5cb8\u91ce\u7a14\u5b50<br \/>\u85e4\u539f\u5bff\u548c<br \/>\u5c3e\u95a2\u4fee<br \/>\u4e2d\u8c37\u4fca\u4e00<br \/>\u65e5\u9054\u7a1c<br \/>\u4e0b\u672b\u304b\u3088\u5b50<br \/>\u7af9\u6d6a\u7d14<br \/>\u5948\u826f\u672c\u82f1\u4f51<br \/>\u77f3\u6a4b\u559c\u7f8e\u5b50<br \/>\u517c\u5d0e\u6689<br \/>\u9ad8\u67f3\u529f<br \/>\u6839\u672c\u304c\u3093<br \/>\u8c4a\u7530\u30ad\u30e8\u5b50<br \/>\u5fb3\u6a4b\u660e<br \/>\u6e6f\u6ca2\u512a\u5b50<br \/>\u4e2d\u6751\u5149\u4e00<br \/>\u6df1\u6fa4\u6d0b\u5b50<br \/>\u99ac\u5834\u6d69\u592a<br \/>\u7a32\u5ead\u7be4<br \/>\u5cf6\u5ca1\u8aa0<br \/>\u6a4b\u672c\u3042\u304d<br \/>\u6298\u53e3\u6674\u592b<br \/>\u4e95\u4e0a\u8c4a<br \/>\u8d64\u6ca2\u7f8e\u6075\u5b50<br \/>\u5e73\u5ddd\u5b97\u4fe1<br \/>\u5168\u6e2f\u6e7e\u897f\u6210\u30bb\u30f3\u30bf\u30fc\u5206\u4f1a<br \/>\u307a\u3093\u304e\u3093\u307a\u308a\u9928\u3068\u304a\u3068\u3082\u3060\u3061<br \/>\u5927\u7530\u7f8e\u667a\u5b50<br \/>\u306e\u3070\u306a\u3057<br \/>\u85e4\u7530\u653f\u6cbb<br \/>\u725b\u7530\u7b49<br \/>\u91ce\u6751\u6c11\u592b<br \/>\u591a\u7530\u7be4\u6bc5<br \/>\u68ee\u5712\u304b\u305a\u3048<br \/>\u4e95\u4e0a\u771f\u7d00\u5b50<br \/>\u77f3\u6e21\u79cb<br \/>\u5c0f\u6797\u6676\u5b50<br \/>\u5ca9\u7530\u7d00\u5b50<br \/>\u8c37\u53e3\u667a\u6c5f<br \/>\u7b20\u512a\u5b50<br \/>\u548c\u7530\u6b63\u82f1<br \/>\u677e\u91ce\u5c3e\u304b\u304a\u308b<br \/>\u5c71\u5d0e\u53d4\u5b50<br \/>\u6749\u672c\u7693\u5b50<br \/>\u4f50\u85e4\u5fb9<br \/>\u718a\u5742\u514c\u5b50<br \/>\u5800\u53e3\u90a6\u5b50<br \/>\u897f\u90e8\u5fb9<br \/>\u5742\u7530\u4ef2\u5e02<br \/>\u68ee\u5c71\u771f\u7406\u5b50<br \/>\u4e18\u306e\u4e0a\u306e\u3055\u3093\u307d\u9053<br \/>\u6797\u7409\u6607<br \/>\u5ca1\u7530\u96c5\u5b8f<br \/>\u4e0a\u91ce\u767d\u6e56<br \/>\u6e21\u8fba\u6b63\u5b50<br \/>\u5cf6\u4eac\u5b50<br \/>\u65e5\u5411\u771f\u7d00\u5b50<br \/>\u5fb3\u4e95\u548c\u7f8e<br \/>\u77f3\u5ddd\u5b5d<br \/>\u7530\u539f\u826f\u6b21<br \/>\u51a8\u7530\u5bff\u4e00<br \/>\u89d2\u5730\u5f18\u5b50<br \/>\u6e21\u8fba\u6d69\u53f8<br \/>\u539f\u5f18\u7f8e<br \/>\u4e95\u6238\u8b19\u4e00<br \/>\u8352\u6728\u3044\u304a\u308a<br \/>\u9ebb\u91ce\u4ed6\u90ce<br \/>\u65e6\u4fdd\u7acb\u5b50<br \/>\u9ad8\u5009\u5eb7\u5149<br \/>\u5b89\u7530\u4e45\u5b50<br \/>\u524d\u91ce\u606d\u5b50<br \/>\u5c71\u7530\u79cb\u592b<br \/>\u4f0a\u85e4\u6b63\u5b50<br \/>\u539f\u7530\u798e\u5fe0<br \/>\u4f50\u85e4\u308b\u307f\u5b50<br \/>\u65e9\u5ddd\u7d00\u4ee3<br \/>\u4f50\u85e4\u660e\u5b8f<br \/>\u6728\u6751\u771f<br \/>\u4e09\u4e0a\u5143<br \/>\u6e21\u8fba\u771f\u77e5\u5b50<br \/>\u4e8c\u4fe3\u548c\u8056<br \/>\u9808\u7530\u525b<br \/>\u91ce\u6751\u4fee\u8eab<br \/>\u672b\u7530\u4e00\u79c0<br \/>\u8239\u5ddd\u4fca\u4e00\u90ce<br \/>\u90e1\u5b89\u3072\u308d\u3053<br \/>\u5f8c\u85e4\u88d5\u5df1<br \/>\u559c\u591a\u5e61\u3000\u4f73\u79c0<br \/>\u30c1\u30a7\u30a4\u30b9\u3000\u6d0b\u5b50<br \/>\u9577\u8c37\u5ddd\u3000\u85ab<br \/>\u539f\u3000\u5b9f<br \/>\u6e21\u8fba\u3000\u5343\u79cb<br \/>\u5409\u6b66\u3000\u4ec1\u8c9e<br \/>\u83ca\u6c60\u3000\u6075\u4ecb<br \/>\u5317\u6797\u5cb3\u5f66<br \/>\u548c\u7530\u6cf0\u5b50<br \/>\u53e4\u5c4b\u6577\u4e00\u8449<br \/>\u5d0e\u5c71\u6bd4\u65e9\u5b50<br \/>\u758b\u7530\u771f\u7d00<br \/>\u9ad8\u6a4b\u6d0b\u5b50<br \/>\u5927\u91ce\u572d\u5b50<br \/>\u6238\u7530\u9756\u5b50<br \/>\u5b9a\u65b9\u662d\u592b<br \/>\u5b87\u91ce\u7530\u5c1a\u54c9<br \/>\u897f\u8c37\u9756\u7537<br \/>\u5bae\u91ce\u5409\u53f2<br \/>\u7530\u6751\u5bff\u6e80\u5b50<\/p>\t\t\t\t\t\t\t\t<\/div>\n\t\t\t\t<\/div>\n\t\t\t\t<\/div>\n\t\t\t\t<\/div>\n\t\t\t\t<\/div>\n\t\t\t\t<\/div>\n\t\t","protected":false},"excerpt":{"rendered":"<p>Destek\u00e7i Listesi Home Ahmet ErsoyAhmet Saymad\u0131Ahmet S. BilgenAkif ErsoyAk\u015fit TamerAli Alk\u0131m \u00d6zdizbayAli Galip PoyrazAli Ilg\u0131m DemirelAli Murat KayaAlper O\u011fuzAlper Y\u0131lmazAngela BischoffAnouk HunekeAntoin RodgersArif Akda\u011fArif Cem G\u00fcndo\u011fanARTvoltageAsena G\u00fcnalAsl\u0131 \u00c7etinkayaAsl\u0131 G\u00f6kselAsl\u0131 Ild\u0131rAsl\u0131 Telli AydemirA\u015fk\u0131n \u00c7evikAtilla AkselAycan Kafescio\u011fluAydan G\u00fclerceAydee BergmannAyhan KarabulutAylin K\u00fcntayAylin Vartanyan DilaverAy\u015fe Duygu El\u00e7iAy\u015fe G\u00fcl Alt\u0131nayAy\u015fe Hasol ErktinAy\u015fe I\u015f\u0131l AkyolAy\u015fe Mehve\u015f EvinAy\u015fe MumcuAy\u015fe \u00d6teno\u011fluAy\u015fecan Terzio\u011fluAy\u015feg\u00fcl KesirliAy\u015fen [&hellip;]<\/p>\n","protected":false},"author":1,"featured_media":0,"parent":0,"menu_order":0,"comment_status":"closed","ping_status":"closed","template":"elementor_header_footer","meta":{"footnotes":""},"class_list":["post-4640","page","type-page","status-publish","hentry"],"_links":{"self":[{"href":"https:\/\/espadabilisim.com\/nukleer\/wp-json\/wp\/v2\/pages\/4640","targetHints":{"allow":["GET"]}}],"collection":[{"href":"https:\/\/espadabilisim.com\/nukleer\/wp-json\/wp\/v2\/pages"}],"about":[{"href":"https:\/\/espadabilisim.com\/nukleer\/wp-json\/wp\/v2\/types\/page"}],"author":[{"embeddable":true,"href":"https:\/\/espadabilisim.com\/nukleer\/wp-json\/wp\/v2\/users\/1"}],"replies":[{"embeddable":true,"href":"https:\/\/espadabilisim.com\/nukleer\/wp-json\/wp\/v2\/comments?post=4640"}],"version-history":[{"count":7,"href":"https:\/\/espadabilisim.com\/nukleer\/wp-json\/wp\/v2\/pages\/4640\/revisions"}],"predecessor-version":[{"id":4647,"href":"https:\/\/espadabilisim.com\/nukleer\/wp-json\/wp\/v2\/pages\/4640\/revisions\/4647"}],"wp:attachment":[{"href":"https:\/\/espadabilisim.com\/nukleer\/wp-json\/wp\/v2\/media?parent=4640"}],"curies":[{"name":"wp","href":"https:\/\/api.w.org\/{rel}","templated":true}]}}